 


{"id":914,"date":"2018-12-26T10:48:57","date_gmt":"2018-12-26T10:48:57","guid":{"rendered":"https:\/\/nbquality.eu\/nb-kvaliteedist\/"},"modified":"2020-12-07T17:01:28","modified_gmt":"2020-12-07T15:01:28","slug":"o-firmie","status":"publish","type":"page","link":"https:\/\/nbquality.eu\/pl\/home-2\/o-firmie\/","title":{"rendered":"O firmie"},"content":{"rendered":"<div class=\"wpb-content-wrapper\"><p>[vc_row el_class=&#8221;common-slider&#8221;][vc_column][rev_slider_vc alias=&#8221;home-est&#8221;][\/vc_column][\/vc_row][vc_row el_class=&#8221;page-content&#8221;][vc_column][vc_column_text el_class=&#8221;common-title&#8221;]<\/p>\n<h2>O Firmie<\/h2>\n<hr \/>\n<p>NB Quality Group O\u00dc zostala za\u0142o\u017cona w 2009 roku przez bylego kierowc\u0119 rajdowego Urmo Aava\u2019e i Silver K\u00fctt . Celem firmy stalo sie rozwijanie gamy innowacyjnych produktow chemii technicznej dla kraj\u00f3w Europy p\u00f3\u0142nocnej i wschodniej. Ustalenie prawid\u0142owych zada\u0144 i celow umozliwiajacych rozw\u00f3j produkt\u00f3w NB Quality wymagalo sporz\u0105dzenia dokladnej mapy rynku klientow z bran\u017cy motoryzacyjnej , rolnictwa i przemys\u0142u . Wsp\u00f3lpraca i wymiana informacji ze specjalistami z powy\u017cszych dziedzin zaowocowala powstaniem produkt\u00f3w spe\u0142niaj\u0105cych oczekiwania lokalnych odbiorc\u00f3w ,szczeg\u00f3ln\u0105 uwag\u0119 zwr\u00f3cono na specyficzny rodzaj zastosowa\u0144 oraz warunki klimatyczne w danym regionie.<\/p>\n<p>Produkty NB Quality s\u0105 produkowane w najlepszych fabrykach chemii technicznej Europy ,opinia i wymagania naszych klient\u00f3w maj\u0105 ci\u0105gly wplyw na ich parametry. Wszystkie produkty spelniaj\u0105 wymagania najnowszych norm EU REACH .<\/p>\n<p>Produkty NBQG s\u0105 podzielone na nastepujace grupy :<\/p>\n<ul>\n<li>oczyszczanie i odtluszczanie powierzchni<\/li>\n<li>smarowanie<\/li>\n<li>malowanie i zabezpieczanie powierzchni<\/li>\n<li>kleje<\/li>\n<li>tasmy klej\u0105ce<\/li>\n<li>akcesoria elektryczne<\/li>\n<li>dodatki<\/li>\n<\/ul>\n<p>Celem NBQG jest ci\u0105g\u0142a poprawa jakosci produkt\u00f3w ,dlatego te\u017c nasi przedstawiciele codziennie zbieraj\u0105 informacje od klient\u00f3w ,co pozwala na szybki rozw\u00f3j nowych produkt\u00f3w oraz udoskonalanie w\u0142a\u015bciwo\u015bci produkt\u00f3w istniej\u0105cych.<br \/>\n[\/vc_column_text][vc_row_inner disable_element=&#8221;yes&#8221; el_class=&#8221;client-logo&#8221; css=&#8221;.vc_custom_1573465202206{margin-top: 0px !important;margin-right: 0px !important;margin-bottom: 0px !important;margin-left: 0px !important;padding-top: 0px !important;padding-right: 0px !important;padding-bottom: 0px !important;padding-left: 0px !important;}&#8221;][vc_column_inner][vc_images_carousel images=&#8221;121,122,123,124,125,126,127,128,77,76,75,74,73,35&#8243; img_size=&#8221;full&#8221; onclick=&#8221;link_no&#8221; slides_per_view=&#8221;8&#8243; autoplay=&#8221;yes&#8221; hide_pagination_control=&#8221;yes&#8221; wrap=&#8221;yes&#8221; el_class=&#8221;hide&#8221;][vc_column_text]<style type='text\/css'><\/style><div class=\"rt-container-fluid rt-wpls\" id=\"rt-container-3557379166\" data-sc-id=\"154\"><div class=\"rt-row carousel-layout wpls-carousel\" data-slick='{ \"slidesToShow\": 8, \"slidesToScroll\": 1, \"speed\": 2000, \"dots\": false, \"arrows\": false, \"infinite\": true, \"pauseOnHover\": true, \"autoplay\": true, \"rtl\": false }' ><div class='rt-col-md-3 rt-col-sm-6 rt-col-xs-12'><div class='single-logo rt-equal-height' data-title='Logo 12'><div class='single-logo-container'><img data-opt-id=1224444576  fetchpriority=\"high\" decoding=\"async\" width=\"120\" height=\"40\" src=\"https:\/\/mljajri9q6rl.i.optimole.com\/cb:wTR3.9d\/w:auto\/h:auto\/q:mauto\/ig:avif\/https:\/\/nbquality.eu\/wp-content\/uploads\/2018\/12\/client-logo-4.png\" class=\"wls-logo\" alt=\"\" title=\"Logo 12\" \/><\/div><\/div><\/div><div class='rt-col-md-3 rt-col-sm-6 rt-col-xs-12'><div class='single-logo rt-equal-height' data-title='Logo 11'><div class='single-logo-container'><img data-opt-id=476917256  fetchpriority=\"high\" decoding=\"async\" width=\"130\" height=\"27\" src=\"https:\/\/mljajri9q6rl.i.optimole.com\/cb:wTR3.9d\/w:auto\/h:auto\/q:mauto\/ig:avif\/https:\/\/nbquality.eu\/wp-content\/uploads\/2018\/12\/client-logo-3.png\" class=\"wls-logo\" alt=\"\" title=\"Logo 11\" \/><\/div><\/div><\/div><div class='rt-col-md-3 rt-col-sm-6 rt-col-xs-12'><div class='single-logo rt-equal-height' data-title='Logo 10'><div class='single-logo-container'><img data-opt-id=647718398  data-opt-src=\"https:\/\/mljajri9q6rl.i.optimole.com\/cb:wTR3.9d\/w:auto\/h:auto\/q:mauto\/ig:avif\/https:\/\/nbquality.eu\/wp-content\/uploads\/2018\/12\/client-logo-2.png\"  decoding=\"async\" width=\"108\" height=\"42\" src=\"data:image/svg+xml,%3Csvg%20viewBox%3D%220%200%20100%%20100%%22%20width%3D%22100%%22%20height%3D%22100%%22%20xmlns%3D%22http%3A%2F%2Fwww.w3.org%2F2000%2Fsvg%22%3E%3Crect%20width%3D%22100%%22%20height%3D%22100%%22%20fill%3D%22transparent%22%2F%3E%3C%2Fsvg%3E\" class=\"wls-logo\" alt=\"\" title=\"Logo 10\" \/><\/div><\/div><\/div><div class='rt-col-md-3 rt-col-sm-6 rt-col-xs-12'><div class='single-logo rt-equal-height' data-title='Logo 9'><div class='single-logo-container'><img data-opt-id=310570664  data-opt-src=\"https:\/\/mljajri9q6rl.i.optimole.com\/cb:wTR3.9d\/w:auto\/h:auto\/q:mauto\/ig:avif\/https:\/\/nbquality.eu\/wp-content\/uploads\/2018\/12\/client-logo-1.png\"  decoding=\"async\" width=\"111\" height=\"26\" src=\"data:image/svg+xml,%3Csvg%20viewBox%3D%220%200%20100%%20100%%22%20width%3D%22100%%22%20height%3D%22100%%22%20xmlns%3D%22http%3A%2F%2Fwww.w3.org%2F2000%2Fsvg%22%3E%3Crect%20width%3D%22100%%22%20height%3D%22100%%22%20fill%3D%22transparent%22%2F%3E%3C%2Fsvg%3E\" class=\"wls-logo\" alt=\"\" title=\"Logo 9\" \/><\/div><\/div><\/div><div class='rt-col-md-3 rt-col-sm-6 rt-col-xs-12'><div class='single-logo rt-equal-height' data-title='Logo 8'><div class='single-logo-container'><img data-opt-id=1346599325  data-opt-src=\"https:\/\/mljajri9q6rl.i.optimole.com\/cb:wTR3.9d\/w:auto\/h:auto\/q:mauto\/ig:avif\/https:\/\/nbquality.eu\/wp-content\/uploads\/2018\/12\/client-logo-8.png\"  decoding=\"async\" width=\"112\" height=\"18\" src=\"data:image/svg+xml,%3Csvg%20viewBox%3D%220%200%20100%%20100%%22%20width%3D%22100%%22%20height%3D%22100%%22%20xmlns%3D%22http%3A%2F%2Fwww.w3.org%2F2000%2Fsvg%22%3E%3Crect%20width%3D%22100%%22%20height%3D%22100%%22%20fill%3D%22transparent%22%2F%3E%3C%2Fsvg%3E\" class=\"wls-logo\" alt=\"\" title=\"Logo 8\" \/><\/div><\/div><\/div><div class='rt-col-md-3 rt-col-sm-6 rt-col-xs-12'><div class='single-logo rt-equal-height' data-title='Logo 7'><div class='single-logo-container'><img data-opt-id=735725799  data-opt-src=\"https:\/\/mljajri9q6rl.i.optimole.com\/cb:wTR3.9d\/w:auto\/h:auto\/q:mauto\/ig:avif\/https:\/\/nbquality.eu\/wp-content\/uploads\/2018\/12\/client-logo-7.png\"  decoding=\"async\" width=\"87\" height=\"69\" src=\"data:image/svg+xml,%3Csvg%20viewBox%3D%220%200%20100%%20100%%22%20width%3D%22100%%22%20height%3D%22100%%22%20xmlns%3D%22http%3A%2F%2Fwww.w3.org%2F2000%2Fsvg%22%3E%3Crect%20width%3D%22100%%22%20height%3D%22100%%22%20fill%3D%22transparent%22%2F%3E%3C%2Fsvg%3E\" class=\"wls-logo\" alt=\"\" title=\"Logo 7\" \/><\/div><\/div><\/div><div class='rt-col-md-3 rt-col-sm-6 rt-col-xs-12'><div class='single-logo rt-equal-height' data-title='Logo 6'><div class='single-logo-container'><img data-opt-id=2138602321  data-opt-src=\"https:\/\/mljajri9q6rl.i.optimole.com\/cb:wTR3.9d\/w:auto\/h:auto\/q:mauto\/ig:avif\/https:\/\/nbquality.eu\/wp-content\/uploads\/2018\/12\/client-logo-6.png\"  decoding=\"async\" width=\"97\" height=\"53\" src=\"data:image/svg+xml,%3Csvg%20viewBox%3D%220%200%20100%%20100%%22%20width%3D%22100%%22%20height%3D%22100%%22%20xmlns%3D%22http%3A%2F%2Fwww.w3.org%2F2000%2Fsvg%22%3E%3Crect%20width%3D%22100%%22%20height%3D%22100%%22%20fill%3D%22transparent%22%2F%3E%3C%2Fsvg%3E\" class=\"wls-logo\" alt=\"\" title=\"Logo 6\" \/><\/div><\/div><\/div><div class='rt-col-md-3 rt-col-sm-6 rt-col-xs-12'><div class='single-logo rt-equal-height' data-title='Logo 5'><div class='single-logo-container'><img data-opt-id=2010306016  data-opt-src=\"https:\/\/mljajri9q6rl.i.optimole.com\/cb:wTR3.9d\/w:auto\/h:auto\/q:mauto\/ig:avif\/https:\/\/nbquality.eu\/wp-content\/uploads\/2018\/12\/client-logo-5.png\"  decoding=\"async\" width=\"120\" height=\"30\" src=\"data:image/svg+xml,%3Csvg%20viewBox%3D%220%200%20100%%20100%%22%20width%3D%22100%%22%20height%3D%22100%%22%20xmlns%3D%22http%3A%2F%2Fwww.w3.org%2F2000%2Fsvg%22%3E%3Crect%20width%3D%22100%%22%20height%3D%22100%%22%20fill%3D%22transparent%22%2F%3E%3C%2Fsvg%3E\" class=\"wls-logo\" alt=\"\" title=\"Logo 5\" \/><\/div><\/div><\/div><div class='rt-col-md-3 rt-col-sm-6 rt-col-xs-12'><div class='single-logo rt-equal-height' data-title='Logo 4'><div class='single-logo-container'><img data-opt-id=1224444576  data-opt-src=\"https:\/\/mljajri9q6rl.i.optimole.com\/cb:wTR3.9d\/w:auto\/h:auto\/q:mauto\/ig:avif\/https:\/\/nbquality.eu\/wp-content\/uploads\/2018\/12\/client-logo-4.png\"  decoding=\"async\" width=\"120\" height=\"40\" src=\"data:image/svg+xml,%3Csvg%20viewBox%3D%220%200%20100%%20100%%22%20width%3D%22100%%22%20height%3D%22100%%22%20xmlns%3D%22http%3A%2F%2Fwww.w3.org%2F2000%2Fsvg%22%3E%3Crect%20width%3D%22100%%22%20height%3D%22100%%22%20fill%3D%22transparent%22%2F%3E%3C%2Fsvg%3E\" class=\"wls-logo\" alt=\"\" title=\"Logo 4\" \/><\/div><\/div><\/div><div class='rt-col-md-3 rt-col-sm-6 rt-col-xs-12'><div class='single-logo rt-equal-height' data-title='Logo 3'><div class='single-logo-container'><img data-opt-id=476917256  data-opt-src=\"https:\/\/mljajri9q6rl.i.optimole.com\/cb:wTR3.9d\/w:auto\/h:auto\/q:mauto\/ig:avif\/https:\/\/nbquality.eu\/wp-content\/uploads\/2018\/12\/client-logo-3.png\"  decoding=\"async\" width=\"130\" height=\"27\" src=\"data:image/svg+xml,%3Csvg%20viewBox%3D%220%200%20100%%20100%%22%20width%3D%22100%%22%20height%3D%22100%%22%20xmlns%3D%22http%3A%2F%2Fwww.w3.org%2F2000%2Fsvg%22%3E%3Crect%20width%3D%22100%%22%20height%3D%22100%%22%20fill%3D%22transparent%22%2F%3E%3C%2Fsvg%3E\" class=\"wls-logo\" alt=\"\" title=\"Logo 3\" \/><\/div><\/div><\/div><div class='rt-col-md-3 rt-col-sm-6 rt-col-xs-12'><div class='single-logo rt-equal-height' data-title='Logo 2'><div class='single-logo-container'><img data-opt-id=647718398  data-opt-src=\"https:\/\/mljajri9q6rl.i.optimole.com\/cb:wTR3.9d\/w:auto\/h:auto\/q:mauto\/ig:avif\/https:\/\/nbquality.eu\/wp-content\/uploads\/2018\/12\/client-logo-2.png\"  decoding=\"async\" width=\"108\" height=\"42\" src=\"data:image/svg+xml,%3Csvg%20viewBox%3D%220%200%20100%%20100%%22%20width%3D%22100%%22%20height%3D%22100%%22%20xmlns%3D%22http%3A%2F%2Fwww.w3.org%2F2000%2Fsvg%22%3E%3Crect%20width%3D%22100%%22%20height%3D%22100%%22%20fill%3D%22transparent%22%2F%3E%3C%2Fsvg%3E\" class=\"wls-logo\" alt=\"\" title=\"Logo 2\" \/><\/div><\/div><\/div><div class='rt-col-md-3 rt-col-sm-6 rt-col-xs-12'><div class='single-logo rt-equal-height' data-title='Logo 1'><div class='single-logo-container'><img data-opt-id=310570664  data-opt-src=\"https:\/\/mljajri9q6rl.i.optimole.com\/cb:wTR3.9d\/w:auto\/h:auto\/q:mauto\/ig:avif\/https:\/\/nbquality.eu\/wp-content\/uploads\/2018\/12\/client-logo-1.png\"  decoding=\"async\" width=\"111\" height=\"26\" src=\"data:image/svg+xml,%3Csvg%20viewBox%3D%220%200%20100%%20100%%22%20width%3D%22100%%22%20height%3D%22100%%22%20xmlns%3D%22http%3A%2F%2Fwww.w3.org%2F2000%2Fsvg%22%3E%3Crect%20width%3D%22100%%22%20height%3D%22100%%22%20fill%3D%22transparent%22%2F%3E%3C%2Fsvg%3E\" class=\"wls-logo\" alt=\"\" title=\"Logo 1\" \/><\/div><\/div><\/div><\/div><\/div>[\/vc_column_text][\/vc_column_inner][\/vc_row_inner][\/vc_column][\/vc_row]<\/p>\n<\/div>","protected":false},"excerpt":{"rendered":"<p>[vc_row el_class=&#8221;common-slider&#8221;][vc_column][rev_slider_vc alias=&#8221;home-est&#8221;][\/vc_column][\/vc_row][vc_row el_class=&#8221;page-content&#8221;][vc_column][vc_column_text el_class=&#8221;common-title&#8221;] O Firmie NB Quality Group O\u00dc zostala za\u0142o\u017cona w 2009 roku przez bylego kierowc\u0119 rajdowego Urmo Aava\u2019e i Silver K\u00fctt . Celem firmy stalo sie rozwijanie gamy innowacyjnych produktow chemii technicznej dla kraj\u00f3w Europy p\u00f3\u0142nocnej i wschodniej. Ustalenie prawid\u0142owych zada\u0144 i celow umozliwiajacych rozw\u00f3j produkt\u00f3w NB Quality wymagalo sporz\u0105dzenia dokladnej &hellip; <\/p>\n<p class=\"link-more\"><a href=\"https:\/\/nbquality.eu\/pl\/wlshowcase\/logo-1\/\" class=\"more-link\">Czytaj dalej<span class=\"screen-reader-text\"> Logo 1<\/span><\/a><\/p>\n","protected":false},"author":2,"featured_media":0,"parent":186,"menu_order":0,"comment_status":"closed","ping_status":"closed","template":"","meta":{"_acf_changed":false,"_monsterinsights_skip_tracking":false,"_monsterinsights_sitenote_active":false,"_monsterinsights_sitenote_note":"","_monsterinsights_sitenote_category":0,"footnotes":""},"class_list":["post-914","page","type-page","status-publish","hentry"],"acf":[],"_links":{"self":[{"href":"https:\/\/nbquality.eu\/pl\/wp-json\/wp\/v2\/pages\/914","targetHints":{"allow":["GET"]}}],"collection":[{"href":"https:\/\/nbquality.eu\/pl\/wp-json\/wp\/v2\/pages"}],"about":[{"href":"https:\/\/nbquality.eu\/pl\/wp-json\/wp\/v2\/types\/page"}],"author":[{"embeddable":true,"href":"https:\/\/nbquality.eu\/pl\/wp-json\/wp\/v2\/users\/2"}],"replies":[{"embeddable":true,"href":"https:\/\/nbquality.eu\/pl\/wp-json\/wp\/v2\/comments?post=914"}],"version-history":[{"count":31,"href":"https:\/\/nbquality.eu\/pl\/wp-json\/wp\/v2\/pages\/914\/revisions"}],"predecessor-version":[{"id":6978,"href":"https:\/\/nbquality.eu\/pl\/wp-json\/wp\/v2\/pages\/914\/revisions\/6978"}],"up":[{"embeddable":true,"href":"https:\/\/nbquality.eu\/pl\/wp-json\/wp\/v2\/pages\/186"}],"wp:attachment":[{"href":"https:\/\/nbquality.eu\/pl\/wp-json\/wp\/v2\/media?parent=914"}],"curies":[{"name":"wp","href":"https:\/\/api.w.org\/{rel}","templated":true}]}}