 


{"id":5063,"date":"2020-01-07T11:40:11","date_gmt":"2020-01-07T09:40:11","guid":{"rendered":"https:\/\/nbquality.eu\/iepazistieties-ar-komandu\/"},"modified":"2021-04-09T10:36:19","modified_gmt":"2021-04-09T08:36:19","slug":"iepazistieties-ar-komandu","status":"publish","type":"page","link":"https:\/\/nbquality.eu\/lv\/iepazistieties-ar-komandu\/","title":{"rendered":"Iepaz\u012bstieties ar komandu"},"content":{"rendered":"<div class=\"wpb-content-wrapper\"><p>[vc_row el_class=&#8221;common-slider&#8221;][vc_column][rev_slider_vc alias=&#8221;home-est&#8221;][\/vc_column][\/vc_row][vc_row][vc_column]<div class=\"aio-icon-component    style_1\"><div id=\"Info-box-wrap-6270\" class=\"aio-icon-box default-icon\" style=\"\"  ><div class=\"aio-icon-description ult-responsive\"  data-ultimate-target='#Info-box-wrap-6270 .aio-icon-description'  data-responsive-json-new='{\"font-size\":\"\",\"line-height\":\"\"}'  style=\"\"><\/p>\n<blockquote>\n<p style=\"text-align: center;\">Tirgos, kur m\u0113s darbojamies, re\u0123ion\u0101lie p\u0101rdo\u0161anas vad\u012bt\u0101ji katru ned\u0113\u013cu apmekl\u0113 klientus. Zvaniet uz klientu servisu, lai iepl\u0101notu tik\u0161anos pie m\u016bsu speci\u0101lista.<\/p>\n<\/blockquote>\n<p><\/div> <!-- description --><\/div> <!-- aio-icon-box --><\/div> <!-- aio-icon-component -->[vc_empty_space][\/vc_column][\/vc_row][vc_row equal_height=&#8221;yes&#8221; content_placement=&#8221;middle&#8221;][vc_column][vc_row_inner][vc_column_inner width=&#8221;1\/2&#8243;][vc_raw_html css=&#8221;.vc_custom_1578305156505{margin-right: 0px !important;margin-left: 0px !important;border-right-width: 0px !important;border-left-width: 0px !important;padding-right: 0px !important;padding-left: 0px !important;border-left-style: none !important;border-right-style: none !important;}&#8221;]JTVCcHV0X3dwZ20lMjBpZCUzRDQlNUQ=[\/vc_raw_html][\/vc_column_inner][vc_column_inner width=&#8221;1\/4&#8243;][vc_message color=&#8221;info&#8221; css_animation=&#8221;none&#8221; css=&#8221;.vc_custom_1578491871971{background-color: #ffffff !important;}&#8221;]<\/p>\n<p style=\"text-align: center;\"><span style=\"color: #000000;\">NB QUALITY GROUP LTD.<\/span><\/p>\n<p style=\"text-align: center;\"><span style=\"color: #000000;\">24-9 Antonijas iela, LV 1010 R\u012bga Latvija<\/span><br \/>\n<span style=\"color: #000000;\"><a style=\"color: #000000;\" href=\"mailto:nbq@nbquality.eu\">nbq-latvia@nbquality.eu<\/a><\/span><\/p>\n<p>[\/vc_message][\/vc_column_inner][\/vc_row_inner][\/vc_column][\/vc_row][vc_row el_class=&#8221;page-content&#8221;][vc_column][vc_column_text el_class=&#8221;common-title&#8221;]<\/p>\n<h2>M\u016bsu <strong>Komanda<\/strong><\/h2>\n<hr \/>\n<p>[\/vc_column_text]<link rel=\"stylesheet\" href=\"https:\/\/nbquality.eu\/wp-content\/plugins\/indeed-my-team-vc\/themes\/theme_5\/style.css\" type=\"text\/css\" media=\"all\"><link rel=\"stylesheet\" href=\"https:\/\/nbquality.eu\/wp-content\/plugins\/indeed-my-team-vc\/layouts\/style_ee3733.css\" type=\"text\/css\" media=\"all\"><style>\n    \t\t\t\t\t\t@media only screen and (max-width: 479px) {\n    \t\t\t\t\t\t\t#indeed_carousel_view_widget_6567 ul li{\n    \t\t\t\t\t\t\t\twidth: calc(100% - 1px) !important;\n    \t\t\t\t\t\t\t}\n    \t\t\t\t\t\t}\n    \t\t\t\t\t\n    \t\t\t\t\t\t@media only screen and (min-width: 480px) and (max-width: 767px){\n    \t\t\t\t\t\t\t#indeed_carousel_view_widget_6567 ul li{\n    \t\t\t\t\t\t\t\twidth: calc(50% - 1px) !important;\n    \t\t\t\t\t\t\t}\n    \t\t\t\t\t\t}\n    \t\t\t\t\t.theme_5 .ict_wrapp ul li {\r\nfont-size: 17px;\r\ntext-align: center;\r\n}\r\n.theme_5 .member-email, .theme_5 .member-web, .theme_5 .member-phone {\r\nfont-size: 15px;\r\nline-height: 1.8;\r\n}\r\n.theme_5 .member-location {\r\n font-size: 14px;\r\n}<\/style><style>\n\t\t\t\t\t .style_ee3733 .ict_wrapp .owl-imtvc-theme .owl-imtvc-dots .owl-imtvc-dot.active span, .style_ee3733 .ict_wrapp  .owl-imtvc-theme .owl-imtvc-dots .owl-imtvc-dot:hover span { background: #ee3733 !important; }\n\t\t\t\t\t .style_ee3733 .pag-theme1 .ict_wrapp .owl-imtvc-theme .owl-imtvc-nav [class*=\"owl-imtvc-\"]:hover{ background-color: #ee3733; }\n\t\t\t\t\t .style_ee3733 .pag-theme2 .ict_wrapp .owl-imtvc-theme .owl-imtvc-nav [class*=\"owl-imtvc-\"]:hover{ color: #ee3733; }\n\t\t\t\t\t .style_ee3733 .pag-theme3 .ict_wrapp .owl-imtvc-theme .owl-imtvc-nav [class*=\"owl-imtvc-\"]:hover{ background-color: #ee3733;}<\/style><div class='style_ee3733'><div class='theme_5 pag-theme1'><div class='ict_wrapp'><div class='ict_content_cl imt-column-5' id='indeed_carousel_view_widget_6567' ><ul id='indeed_ul_6567_1' class=''><li style='width: calc(20% - 1px)'>\n<div class=\"team-member\">\n<div class=\"member-img\">\n <a >\n <img data-opt-id=1903850376  fetchpriority=\"high\" decoding=\"async\" title=\"Urmo Aava\" src=\"https:\/\/mljajri9q6rl.i.optimole.com\/cb:wTR3.9d\/w:auto\/h:auto\/q:mauto\/ig:avif\/https:\/\/nbquality.eu\/wp-content\/uploads\/2019\/11\/kodu200109_NB_Quality_Erlend_Štaub-51-Edit-e1579179911261.jpg\" alt=\"\"\/>\n <\/a>\n <div class=\"member-desc\">\n\t\n  <\/div>\n<\/div>\n<div class=\"member-content\">\n<div class=\"member-name\">\n<a >\nUrmo Aava\n<\/a> \n<\/div>\t\n<div style=\"text-align:center;\">\n<div class=\"member-job\">\nDIREKTORS\n <\/div>\n <\/div>\n<div class=\"member-skills-wrapper\">\n    \n<\/div>\n<div class=\"member-social\">\n\t\n  <\/div>\n<div class=\"member-email\">\n\n<\/div>\n<div class=\"member-web\">\n\n<\/div>\n<div class=\"member-phone\">\n\n<\/div>\n<div class=\"member-location\">\n\n<\/div>\n<\/div>\n<\/li><li style='width: calc(20% - 1px)'>\n<div class=\"team-member\">\n<div class=\"member-img\">\n <a >\n <img data-opt-id=1903850376  fetchpriority=\"high\" decoding=\"async\" title=\"Urmo Aava\" src=\"https:\/\/mljajri9q6rl.i.optimole.com\/cb:wTR3.9d\/w:auto\/h:auto\/q:mauto\/ig:avif\/https:\/\/nbquality.eu\/wp-content\/uploads\/2019\/11\/kodu200109_NB_Quality_Erlend_Štaub-51-Edit-e1579179911261.jpg\" alt=\"\"\/>\n <\/a>\n <div class=\"member-desc\">\n\t\n  <\/div>\n<\/div>\n<div class=\"member-content\">\n<div class=\"member-name\">\n<a >\nUrmo Aava\n<\/a> \n<\/div>\t\n<div style=\"text-align:center;\">\n<div class=\"member-job\">\nDIREKTORS\n <\/div>\n <\/div>\n<div class=\"member-skills-wrapper\">\n    \n<\/div>\n<div class=\"member-social\">\n\t\n  <\/div>\n<div class=\"member-email\">\n\n<\/div>\n<div class=\"member-web\">\n\n<\/div>\n<div class=\"member-phone\">\n\n<\/div>\n<div class=\"member-location\">\n\n<\/div>\n<\/div>\n<\/li><div class='clear'><\/div><\/ul><\/div><script>\n\tjQuery('.team-member').find('.fill').css('width','0%');\n\n\tjQuery(window).bind('load', function(){\n       jQuery('.team-member').each(function() {\n\t\tjQuery(this).find('.fill').each(function() {\n\t\t\t\tvar k = 0, f = jQuery(this), p = f.attr('data-progress-animation'), w = f.width();\n\t\t\t\tif (w == 0) {\n\t\t\t\t\tp = p.substring(0, p.length - 1);\n\t\t\t\t\tvar go = function() {\n\t\t\t\t\t\treturn k >= p || k>= 100 ?( false ) : ( k += 1, f.css('width', k + '%'), setTimeout(go, 1) )\n\t\t\t\t\t\t};\n\t\t\t\t\tgo();\n\t\t\t\t}\n\t\t\t});\n\t\t});\n\t});\n        <\/script><\/div><\/div><\/div><div id ='imt_modal_id' class='imt-modal-wrapp'><div class='imt-modal-content'><div class='imt-close'>x<\/div><div class='imt-response'><\/div><\/div><\/div>[\/vc_column][\/vc_row]<\/p>\n<\/div>","protected":false},"excerpt":{"rendered":"<p>[vc_row el_class=&#8221;common-slider&#8221;][vc_column][rev_slider_vc alias=&#8221;home-est&#8221;][\/vc_column][\/vc_row][vc_row][vc_column][vc_empty_space][\/vc_column][\/vc_row][vc_row equal_height=&#8221;yes&#8221; content_placement=&#8221;middle&#8221;][vc_column][vc_row_inner][vc_column_inner width=&#8221;1\/2&#8243;][vc_raw_html css=&#8221;.vc_custom_1578305156505{margin-right: 0px !important;margin-left: 0px !important;border-right-width: 0px !important;border-left-width: 0px !important;padding-right: 0px !important;padding-left: 0px !important;border-left-style: none !important;border-right-style: none !important;}&#8221;]JTVCcHV0X3dwZ20lMjBpZCUzRDQlNUQ=[\/vc_raw_html][\/vc_column_inner][vc_column_inner width=&#8221;1\/4&#8243;][vc_message color=&#8221;info&#8221; css_animation=&#8221;none&#8221; css=&#8221;.vc_custom_1578491871971{background-color: #ffffff !important;}&#8221;] NB QUALITY GROUP LTD. 24-9 Antonijas iela, LV 1010 R\u012bga Latvija nbq-latvia@nbquality.eu [\/vc_message][\/vc_column_inner][\/vc_row_inner][\/vc_column][\/vc_row][vc_row el_class=&#8221;page-content&#8221;][vc_column][vc_column_text el_class=&#8221;common-title&#8221;] M\u016bsu Komanda [\/vc_column_text][\/vc_column][\/vc_row]<\/p>\n","protected":false},"author":2,"featured_media":0,"parent":0,"menu_order":0,"comment_status":"closed","ping_status":"closed","template":"","meta":{"_acf_changed":false,"_monsterinsights_skip_tracking":false,"_monsterinsights_sitenote_active":false,"_monsterinsights_sitenote_note":"","_monsterinsights_sitenote_category":0,"footnotes":""},"class_list":["post-5063","page","type-page","status-publish","hentry"],"acf":[],"_links":{"self":[{"href":"https:\/\/nbquality.eu\/lv\/wp-json\/wp\/v2\/pages\/5063","targetHints":{"allow":["GET"]}}],"collection":[{"href":"https:\/\/nbquality.eu\/lv\/wp-json\/wp\/v2\/pages"}],"about":[{"href":"https:\/\/nbquality.eu\/lv\/wp-json\/wp\/v2\/types\/page"}],"author":[{"embeddable":true,"href":"https:\/\/nbquality.eu\/lv\/wp-json\/wp\/v2\/users\/2"}],"replies":[{"embeddable":true,"href":"https:\/\/nbquality.eu\/lv\/wp-json\/wp\/v2\/comments?post=5063"}],"version-history":[{"count":15,"href":"https:\/\/nbquality.eu\/lv\/wp-json\/wp\/v2\/pages\/5063\/revisions"}],"predecessor-version":[{"id":7046,"href":"https:\/\/nbquality.eu\/lv\/wp-json\/wp\/v2\/pages\/5063\/revisions\/7046"}],"wp:attachment":[{"href":"https:\/\/nbquality.eu\/lv\/wp-json\/wp\/v2\/media?parent=5063"}],"curies":[{"name":"wp","href":"https:\/\/api.w.org\/{rel}","templated":true}]}}