 


{"id":5008,"date":"2020-01-02T19:47:51","date_gmt":"2020-01-02T17:47:51","guid":{"rendered":"https:\/\/nbquality.eu\/pardosanas-nosacijumi\/"},"modified":"2020-01-07T11:36:26","modified_gmt":"2020-01-07T09:36:26","slug":"pardosanas-nosacijumi","status":"publish","type":"page","link":"https:\/\/nbquality.eu\/lv\/pardosanas-nosacijumi\/","title":{"rendered":"P\u0101rdo\u0161anas nosac\u012bjumi"},"content":{"rendered":"<div class=\"wpb-content-wrapper\"><p>[vc_row el_class=&#8221;common-slider&#8221;][vc_column][rev_slider_vc alias=&#8221;home-est&#8221;][\/vc_column][\/vc_row][vc_row el_class=&#8221;page-content&#8221;][vc_column][vc_column_text el_class=&#8221;common-title&#8221;]<\/p>\n<h2>P\u0101rdo\u0161anas <strong>Noteikumi<\/strong><\/h2>\n<hr \/>\n<p>[\/vc_column_text][\/vc_column][\/vc_row]<\/p>\n<\/div>","protected":false},"excerpt":{"rendered":"<p>[vc_row el_class=&#8221;common-slider&#8221;][vc_column][rev_slider_vc alias=&#8221;home-est&#8221;][\/vc_column][\/vc_row][vc_row el_class=&#8221;page-content&#8221;][vc_column][vc_column_text el_class=&#8221;common-title&#8221;] P\u0101rdo\u0161anas Noteikumi [\/vc_column_text][\/vc_column][\/vc_row]<\/p>\n","protected":false},"author":2,"featured_media":0,"parent":0,"menu_order":0,"comment_status":"closed","ping_status":"closed","template":"","meta":{"_acf_changed":false,"_monsterinsights_skip_tracking":false,"_monsterinsights_sitenote_active":false,"_monsterinsights_sitenote_note":"","_monsterinsights_sitenote_category":0,"footnotes":""},"class_list":["post-5008","page","type-page","status-publish","hentry"],"acf":[],"_links":{"self":[{"href":"https:\/\/nbquality.eu\/lv\/wp-json\/wp\/v2\/pages\/5008","targetHints":{"allow":["GET"]}}],"collection":[{"href":"https:\/\/nbquality.eu\/lv\/wp-json\/wp\/v2\/pages"}],"about":[{"href":"https:\/\/nbquality.eu\/lv\/wp-json\/wp\/v2\/types\/page"}],"author":[{"embeddable":true,"href":"https:\/\/nbquality.eu\/lv\/wp-json\/wp\/v2\/users\/2"}],"replies":[{"embeddable":true,"href":"https:\/\/nbquality.eu\/lv\/wp-json\/wp\/v2\/comments?post=5008"}],"version-history":[{"count":7,"href":"https:\/\/nbquality.eu\/lv\/wp-json\/wp\/v2\/pages\/5008\/revisions"}],"predecessor-version":[{"id":5060,"href":"https:\/\/nbquality.eu\/lv\/wp-json\/wp\/v2\/pages\/5008\/revisions\/5060"}],"wp:attachment":[{"href":"https:\/\/nbquality.eu\/lv\/wp-json\/wp\/v2\/media?parent=5008"}],"curies":[{"name":"wp","href":"https:\/\/api.w.org\/{rel}","templated":true}]}}