 


{"id":410,"date":"2018-12-04T13:41:27","date_gmt":"2018-12-04T13:41:27","guid":{"rendered":"https:\/\/yeshostings.com\/dev\/nbquality\/services\/"},"modified":"2025-03-12T12:36:41","modified_gmt":"2025-03-12T10:36:41","slug":"services","status":"publish","type":"page","link":"https:\/\/nbquality.eu\/lv\/services\/","title":{"rendered":"Pakalpojumi"},"content":{"rendered":"<div class=\"wpb-content-wrapper\"><p>[vc_row][vc_column][rev_slider_vc alias=&#8221;service-banner&#8221; el_class=&#8221;common-slider&#8221;][\/vc_column][\/vc_row][vc_row el_class=&#8221;page-content&#8221;][vc_column][vc_column_text el_class=&#8221;common-title&#8221;]<\/p>\n<h2>M\u016bsu <strong>Pakalpojumi<\/strong><\/h2>\n<hr \/>\n<p>NB Quality Group O\u00dc tika dibin\u0101ts 2009. gad\u0101, ko veidoja biju\u0161ais rallija brauc\u0113js Urmo \u0100va un Silvers Kits. NB Quality m\u0113r\u0137is bija izstr\u0101d\u0101t inovat\u012bvu un augstas kvalit\u0101tes apkopes produktu kl\u0101stu Zieme\u013ceiropas un Austrumeiropas tirgiem. Lai noteiktu pareizus uzdevumus un m\u0113r\u0137us produktu izstr\u0101dei, NB Quality Group veica r\u016bp\u012bgu automobi\u013cu, lauksaimniec\u012bbas un r\u016bpniec\u012bbas klientu apkopes tirgus kart\u0113\u0161anu. Pamatojoties uz speci\u0101listu atsauksm\u0113m, NB Quality Group s\u0101ka izstr\u0101d\u0101t produktus viet\u0113jo tirgu vajadz\u012bb\u0101m, piev\u0113r\u0161ot \u012bpa\u0161u uzman\u012bbu visiem klimatiskajiem un klientu raksturlielumiem.<\/p>\n<p>NB Quality Group produkti tiek ra\u017eoti vado\u0161aj\u0101s Eiropas pild\u012b\u0161anas r\u016bpn\u012bc\u0101s, saska\u0146\u0101 ar m\u016bsu klientu sa\u0146emtaj\u0101m atsauksm\u0113m. Visi m\u016bsu produkti atbilst jaun\u0101kajiem ES REACH noteikumiem.<\/p>\n<p>NB Quality Group ir produkti da\u017e\u0101d\u0101s produktu grup\u0101s: t\u012br\u012b\u0161ana, 1  e\u013c\u013co\u0161ana, virsmas apstr\u0101de, l\u012bmes, lentes, elektriskie un piedevas. \u00a0[\/vc_column_text][\/vc_column][\/vc_row]<\/p>\n<\/div>","protected":false},"excerpt":{"rendered":"<p>[vc_row][vc_column][rev_slider_vc alias=&#8221;service-banner&#8221; el_class=&#8221;common-slider&#8221;][\/vc_column][\/vc_row][vc_row el_class=&#8221;page-content&#8221;][vc_column][vc_column_text el_class=&#8221;common-title&#8221;] M\u016bsu Pakalpojumi NB Quality Group O\u00dc tika dibin\u0101ts 2009. gad\u0101, ko veidoja biju\u0161ais rallija brauc\u0113js Urmo \u0100va un Silvers Kits. NB Quality m\u0113r\u0137is bija izstr\u0101d\u0101t inovat\u012bvu un augstas kvalit\u0101tes apkopes produktu kl\u0101stu Zieme\u013ceiropas un Austrumeiropas tirgiem. Lai noteiktu pareizus uzdevumus un m\u0113r\u0137us produktu izstr\u0101dei, NB Quality Group veica r\u016bp\u012bgu automobi\u013cu, &hellip; <\/p>\n<p class=\"link-more\"><a href=\"https:\/\/nbquality.eu\/lv\/services\/\" class=\"more-link\">Turpin\u0101t las\u012bt<span class=\"screen-reader-text\"> &#8220;Pakalpojumi&#8221;<\/span><\/a><\/p>\n","protected":false},"author":2,"featured_media":0,"parent":0,"menu_order":0,"comment_status":"closed","ping_status":"closed","template":"","meta":{"_acf_changed":false,"_monsterinsights_skip_tracking":false,"_monsterinsights_sitenote_active":false,"_monsterinsights_sitenote_note":"","_monsterinsights_sitenote_category":0,"footnotes":""},"class_list":["post-410","page","type-page","status-publish","hentry"],"acf":[],"_links":{"self":[{"href":"https:\/\/nbquality.eu\/lv\/wp-json\/wp\/v2\/pages\/410","targetHints":{"allow":["GET"]}}],"collection":[{"href":"https:\/\/nbquality.eu\/lv\/wp-json\/wp\/v2\/pages"}],"about":[{"href":"https:\/\/nbquality.eu\/lv\/wp-json\/wp\/v2\/types\/page"}],"author":[{"embeddable":true,"href":"https:\/\/nbquality.eu\/lv\/wp-json\/wp\/v2\/users\/2"}],"replies":[{"embeddable":true,"href":"https:\/\/nbquality.eu\/lv\/wp-json\/wp\/v2\/comments?post=410"}],"version-history":[{"count":8,"href":"https:\/\/nbquality.eu\/lv\/wp-json\/wp\/v2\/pages\/410\/revisions"}],"predecessor-version":[{"id":106335,"href":"https:\/\/nbquality.eu\/lv\/wp-json\/wp\/v2\/pages\/410\/revisions\/106335"}],"wp:attachment":[{"href":"https:\/\/nbquality.eu\/lv\/wp-json\/wp\/v2\/media?parent=410"}],"curies":[{"name":"wp","href":"https:\/\/api.w.org\/{rel}","templated":true}]}}