 


{"id":106363,"date":"2025-03-12T13:33:22","date_gmt":"2025-03-12T11:33:22","guid":{"rendered":"https:\/\/nbquality.eu\/?page_id=106363"},"modified":"2025-03-12T13:33:22","modified_gmt":"2025-03-12T11:33:22","slug":"kontakti","status":"publish","type":"page","link":"https:\/\/nbquality.eu\/lv\/kontakti\/","title":{"rendered":"Kontakti"},"content":{"rendered":"<div class=\"wpb-content-wrapper\"><p>[vc_row css=&#8221;.vc_custom_1572619431524{margin-top: 0px !important;margin-right: 0px !important;margin-bottom: 0px !important;margin-left: 0px !important;padding-top: 0px !important;padding-right: 0px !important;padding-bottom: 0px !important;padding-left: 0px !important;}&#8221; el_class=&#8221;common-slider&#8221;][vc_column][vc_empty_space][vc_column_text el_class=&#8221;common-title&#8221;]<\/p>\n<h2>M\u016bsu <strong>Kontakts<\/strong><\/h2>\n<hr \/>\n<p>[\/vc_column_text]<div class=\"aio-icon-component    style_1\"><div id=\"Info-box-wrap-1078\" class=\"aio-icon-box default-icon\" style=\"\"  ><div class=\"aio-icon-description ult-responsive\"  data-ultimate-target='#Info-box-wrap-1078 .aio-icon-description'  data-responsive-json-new='{\"font-size\":\"\",\"line-height\":\"\"}'  style=\"\"><\/p>\n<blockquote>\n<p style=\"text-align: center;\">Tirgos, kur m\u0113s darbojamies, re\u0123ion\u0101lie p\u0101rdo\u0161anas vad\u012bt\u0101ji katru ned\u0113\u013cu apmekl\u0113 klientus. Zvaniet uz klientu servisu, lai iepl\u0101notu tik\u0161anos pie m\u016bsu speci\u0101lista.<\/p>\n<\/blockquote>\n<p><\/div> <!-- description --><\/div> <!-- aio-icon-box --><\/div> <!-- aio-icon-component -->[vc_row_inner][vc_column_inner width=&#8221;1\/2&#8243;][vc_raw_html css=&#8221;.vc_custom_1585481156342{margin-right: 0px !important;margin-left: 0px !important;border-right-width: 0px !important;border-left-width: 0px !important;padding-right: 0px !important;padding-left: 0px !important;border-left-style: none !important;border-right-style: none !important;}&#8221;]JTVCcHV0X3dwZ20lMjBpZCUzRDQlNUQ=[\/vc_raw_html][\/vc_column_inner][vc_column_inner width=&#8221;1\/2&#8243;][vc_message color=&#8221;info&#8221; css_animation=&#8221;none&#8221; css=&#8221;.vc_custom_1611653215790{background-color: #ffffff !important;}&#8221;]<strong>JUNGENT LATVIA AS<\/strong><\/p>\n<p>Antonijas iela 24-9, R\u012bga, LV-1010<br \/>\nKlientu serviss: +371 28 653 089<br \/>\nE-pasts: oil@jungent.eu<\/p>\n<p><a href=\"https:\/\/oil.jungent.eu\" target=\"_blank\" rel=\"noopener\">https:\/\/oil.jungent.eu<\/a>[\/vc_message][vc_message color=&#8221;info&#8221; css_animation=&#8221;none&#8221; css=&#8221;.vc_custom_1611653175959{background-color: #ffffff !important;}&#8221;]<strong>HRC GROUP SIA<\/strong><\/p>\n<p>\u010cuibes iela 6A, R\u012bga, LV-1063 (Maskavas iela 451C)<br \/>\nRe\u0123. Nr.: 40203141752<br \/>\nPVN Nr.:LV40203141752<br \/>\nTel. : + 371 29 164 546<br \/>\nE-pasts: info@hrcgroup.lv<\/p>\n<p><a href=\"https:\/\/www.hrcgroup.lv\" target=\"_blank\" rel=\"noopener\">https:\/\/www.hrcgroup.lv<\/a>[\/vc_message][\/vc_column_inner][\/vc_row_inner][\/vc_column][\/vc_row][vc_row][vc_column][vc_empty_space][\/vc_column][\/vc_row][vc_row][vc_column][vc_empty_space height=&#8221;32 px&#8221;]\n<div class=\"wpcf7 no-js\" id=\"wpcf7-f5051-o1\" lang=\"et\" dir=\"ltr\" data-wpcf7-id=\"5051\">\n<div class=\"screen-reader-response\"><p role=\"status\" aria-live=\"polite\" aria-atomic=\"true\"><\/p> <ul><\/ul><\/div>\n<form action=\"\/lv\/wp-json\/wp\/v2\/pages\/106363#wpcf7-f5051-o1\" method=\"post\" class=\"wpcf7-form init\" aria-label=\"Contact form\" novalidate=\"novalidate\" data-status=\"init\">\n<fieldset class=\"hidden-fields-container\"><input type=\"hidden\" name=\"_wpcf7\" value=\"5051\" \/><input type=\"hidden\" name=\"_wpcf7_version\" value=\"6.1.5\" \/><input type=\"hidden\" name=\"_wpcf7_locale\" value=\"et\" \/><input type=\"hidden\" name=\"_wpcf7_unit_tag\" value=\"wpcf7-f5051-o1\" \/><input type=\"hidden\" name=\"_wpcf7_container_post\" value=\"0\" \/><input type=\"hidden\" name=\"_wpcf7_posted_data_hash\" value=\"\" \/><input type=\"hidden\" name=\"_wpcf7cf_hidden_group_fields\" value=\"[]\" \/><input type=\"hidden\" name=\"_wpcf7cf_hidden_groups\" value=\"[]\" \/><input type=\"hidden\" name=\"_wpcf7cf_visible_groups\" value=\"[]\" \/><input type=\"hidden\" name=\"_wpcf7cf_repeaters\" value=\"[]\" \/><input type=\"hidden\" name=\"_wpcf7cf_steps\" value=\"{}\" \/><input type=\"hidden\" name=\"_wpcf7cf_options\" value=\"{&quot;form_id&quot;:5051,&quot;conditions&quot;:[],&quot;settings&quot;:{&quot;animation&quot;:&quot;yes&quot;,&quot;animation_intime&quot;:200,&quot;animation_outtime&quot;:200,&quot;conditions_ui&quot;:&quot;normal&quot;,&quot;notice_dismissed&quot;:false,&quot;notice_dismissed_rollback-cf7-5.6.4&quot;:true,&quot;notice_dismissed_update-cf7-5.9.5&quot;:true,&quot;notice_dismissed_rollback-cf7-5.9.5&quot;:true}}\" \/><input type=\"hidden\" name=\"_wpcf7_recaptcha_response\" value=\"\" \/>\n<\/fieldset>\n<p><label> V\u0101rds (nepiecie\u0161ams)<br \/>\n<span class=\"wpcf7-form-control-wrap\" data-name=\"your-name\"><input size=\"40\" maxlength=\"400\" class=\"wpcf7-form-control wpcf7-text wpcf7-validates-as-required\" aria-required=\"true\" aria-invalid=\"false\" value=\"\" type=\"text\" name=\"your-name\" \/><\/span> <\/label>\n<\/p>\n<p><label> E-pasts (nepiecie\u0161ams)<br \/>\n<span class=\"wpcf7-form-control-wrap\" data-name=\"your-email\"><input size=\"40\" maxlength=\"400\" class=\"wpcf7-form-control wpcf7-email wpcf7-validates-as-required wpcf7-text wpcf7-validates-as-email\" aria-required=\"true\" aria-invalid=\"false\" value=\"\" type=\"email\" name=\"your-email\" \/><\/span> <\/label>\n<\/p>\n<p><label> Temats<br \/>\n<span class=\"wpcf7-form-control-wrap\" data-name=\"your-subject\"><input size=\"40\" maxlength=\"400\" class=\"wpcf7-form-control wpcf7-text\" aria-invalid=\"false\" value=\"\" type=\"text\" name=\"your-subject\" \/><\/span> <\/label>\n<\/p>\n<p><label> Zi\u0146a<br \/>\n<span class=\"wpcf7-form-control-wrap\" data-name=\"your-message\"><textarea cols=\"40\" rows=\"10\" maxlength=\"2000\" class=\"wpcf7-form-control wpcf7-textarea\" aria-invalid=\"false\" name=\"your-message\"><\/textarea><\/span> <\/label>\n<\/p>\n<p><input class=\"wpcf7-form-control wpcf7-submit has-spinner\" type=\"submit\" value=\"Nos\u016bt\u012bt piepras\u012bjumu\" \/>\n<\/p><div class=\"wpcf7-response-output\" aria-hidden=\"true\"><\/div>\n<\/form>\n<\/div>\n[\/vc_column][\/vc_row]<\/p>\n<\/div>","protected":false},"excerpt":{"rendered":"<p>[vc_row css=&#8221;.vc_custom_1572619431524{margin-top: 0px !important;margin-right: 0px !important;margin-bottom: 0px !important;margin-left: 0px !important;padding-top: 0px !important;padding-right: 0px !important;padding-bottom: 0px !important;padding-left: 0px !important;}&#8221; el_class=&#8221;common-slider&#8221;][vc_column][vc_empty_space][vc_column_text el_class=&#8221;common-title&#8221;] M\u016bsu Kontakts [\/vc_column_text][vc_row_inner][vc_column_inner width=&#8221;1\/2&#8243;][vc_raw_html css=&#8221;.vc_custom_1585481156342{margin-right: 0px !important;margin-left: 0px !important;border-right-width: 0px !important;border-left-width: 0px !important;padding-right: 0px !important;padding-left: 0px !important;border-left-style: none !important;border-right-style: none !important;}&#8221;]JTVCcHV0X3dwZ20lMjBpZCUzRDQlNUQ=[\/vc_raw_html][\/vc_column_inner][vc_column_inner width=&#8221;1\/2&#8243;][vc_message color=&#8221;info&#8221; css_animation=&#8221;none&#8221; css=&#8221;.vc_custom_1611653215790{background-color: #ffffff !important;}&#8221;]JUNGENT LATVIA AS Antonijas iela 24-9, R\u012bga, LV-1010 Klientu &hellip; <\/p>\n<p class=\"link-more\"><a href=\"https:\/\/nbquality.eu\/lv\/kontakti\/\" class=\"more-link\">Turpin\u0101t las\u012bt<span class=\"screen-reader-text\"> &#8220;Kontakti&#8221;<\/span><\/a><\/p>\n","protected":false},"author":3,"featured_media":0,"parent":0,"menu_order":0,"comment_status":"closed","ping_status":"closed","template":"","meta":{"_acf_changed":false,"_monsterinsights_skip_tracking":false,"_monsterinsights_sitenote_active":false,"_monsterinsights_sitenote_note":"","_monsterinsights_sitenote_category":0,"footnotes":""},"class_list":["post-106363","page","type-page","status-publish","hentry"],"acf":[],"_links":{"self":[{"href":"https:\/\/nbquality.eu\/lv\/wp-json\/wp\/v2\/pages\/106363","targetHints":{"allow":["GET"]}}],"collection":[{"href":"https:\/\/nbquality.eu\/lv\/wp-json\/wp\/v2\/pages"}],"about":[{"href":"https:\/\/nbquality.eu\/lv\/wp-json\/wp\/v2\/types\/page"}],"author":[{"embeddable":true,"href":"https:\/\/nbquality.eu\/lv\/wp-json\/wp\/v2\/users\/3"}],"replies":[{"embeddable":true,"href":"https:\/\/nbquality.eu\/lv\/wp-json\/wp\/v2\/comments?post=106363"}],"version-history":[{"count":2,"href":"https:\/\/nbquality.eu\/lv\/wp-json\/wp\/v2\/pages\/106363\/revisions"}],"predecessor-version":[{"id":106365,"href":"https:\/\/nbquality.eu\/lv\/wp-json\/wp\/v2\/pages\/106363\/revisions\/106365"}],"wp:attachment":[{"href":"https:\/\/nbquality.eu\/lv\/wp-json\/wp\/v2\/media?parent=106363"}],"curies":[{"name":"wp","href":"https:\/\/api.w.org\/{rel}","templated":true}]}}