 


{"id":913,"date":"2018-12-26T10:48:57","date_gmt":"2018-12-26T10:48:57","guid":{"rendered":"https:\/\/nbquality.eu\/nb-kvaliteedist\/"},"modified":"2020-04-03T15:17:33","modified_gmt":"2020-04-03T13:17:33","slug":"ettevottest","status":"publish","type":"page","link":"https:\/\/nbquality.eu\/lt\/home\/ettevottest\/","title":{"rendered":"APIE \u012eMON\u0118"},"content":{"rendered":"<div class=\"wpb-content-wrapper\"><p>[vc_row el_class=&#8221;common-slider&#8221;][vc_column][rev_slider_vc alias=&#8221;home-est&#8221;][\/vc_column][\/vc_row][vc_row el_class=&#8221;page-content&#8221;][vc_column][vc_column_text el_class=&#8221;common-title&#8221;]<\/p>\n<h2>Apie<strong>\u012eMON\u0118<\/strong><\/h2>\n<hr \/>\n<p> \u201eNB Quality Group O\u00dc\u201c \u012fkurta 2009 metais. Bendrov\u0117s steig\u0117jai &#8211; Urmo Aava ir Silver K\u00fctt.<br \/>\n\u012emon\u0117 \u012fkurta su tikslu tiekti auk\u0161tos kokyb\u0117s ir inovacinius technin\u0117s prie\u017ei\u016bros chemini\u0173 priemoni\u0173 serijos produktus Baltijos \u0161alyse. Siekiant \u0161io tikslo, pirmiausiai buvo i\u0161tirta Baltijos automobili\u0173 rinka, pramon\u0117s ir<br \/>\n\u017eem\u0117s \u016bkio sektoriai. I\u0161 kiekvienos srities gaut\u0173 specialist\u0173 atsiliepim\u0173 pagrindu \u201eNB Quality Group\u201c suk\u016br\u0117<br \/>\nbaz\u0119 produkt\u0173 serij\u0105, kuri atsi\u017evelgia \u012f Baltijos \u0161ali\u0173 bei artimiausi\u0173 kaimynini\u0173 valstybi\u0173 klimatines savybes.<\/p>\n<p>\u201eNB Quality&#8221; technin\u0117s prie\u017ei\u016bros chemin\u0117s priemon\u0117s yra pagamintos geriausiose Europos gamyklose ir j\u0173 gamyboje pasinaudota i\u0161 m\u016bs\u0173 klient\u0173 gaut\u0173 atsiliepim\u0173 pagrindu sudarytomis u\u017eduotimis. Visos technin\u0117s prie\u017ei\u016bros chemin\u0117s priemon\u0117s atitinka Europos Komisijos REACH reglamento reikalavimus, kas u\u017etikrina chemini\u0173 med\u017eiag\u0173 kokyb\u0119 ir atitikt\u012f.<\/p>\n<p>[\/vc_column_text][vc_row_inner disable_element=&#8221;yes&#8221; el_class=&#8221;client-logo&#8221; css=&#8221;.vc_custom_1573465202206{margin-top: 0px !important;margin-right: 0px !important;margin-bottom: 0px !important;margin-left: 0px !important;padding-top: 0px !important;padding-right: 0px !important;padding-bottom: 0px !important;padding-left: 0px !important;}&#8221;][vc_column_inner][vc_images_carousel images=&#8221;121,122,123,124,125,126,127,128,77,76,75,74,73,35&#8243; img_size=&#8221;full&#8221; onclick=&#8221;link_no&#8221; slides_per_view=&#8221;8&#8243; autoplay=&#8221;yes&#8221; hide_pagination_control=&#8221;yes&#8221; wrap=&#8221;yes&#8221; el_class=&#8221;hide&#8221;][vc_column_text]<p>No logo found<\/p>[\/vc_column_text][\/vc_column_inner][\/vc_row_inner][\/vc_column][\/vc_row]<\/p>\n<\/div>","protected":false},"excerpt":{"rendered":"<p>[vc_row el_class=&#8221;common-slider&#8221;][vc_column][rev_slider_vc alias=&#8221;home-est&#8221;][\/vc_column][\/vc_row][vc_row el_class=&#8221;page-content&#8221;][vc_column][vc_column_text el_class=&#8221;common-title&#8221;] Apie\u012eMON\u0118 \u201eNB Quality Group O\u00dc\u201c \u012fkurta 2009 metais. Bendrov\u0117s steig\u0117jai &#8211; Urmo Aava ir Silver K\u00fctt. \u012emon\u0117 \u012fkurta su tikslu tiekti auk\u0161tos kokyb\u0117s ir inovacinius technin\u0117s prie\u017ei\u016bros chemini\u0173 priemoni\u0173 serijos produktus Baltijos \u0161alyse. Siekiant \u0161io tikslo, pirmiausiai buvo i\u0161tirta Baltijos automobili\u0173 rinka, pramon\u0117s ir \u017eem\u0117s \u016bkio sektoriai. I\u0161 kiekvienos srities &hellip; <\/p>\n<p class=\"link-more\"><a href=\"https:\/\/nbquality.eu\/lt\/home\/ettevottest\/\" class=\"more-link\">Toliau skaityti<span class=\"screen-reader-text\"> &#8220;APIE \u012eMON\u0118&#8221;<\/span><\/a><\/p>\n","protected":false},"author":2,"featured_media":0,"parent":5763,"menu_order":0,"comment_status":"closed","ping_status":"closed","template":"","meta":{"_acf_changed":false,"_monsterinsights_skip_tracking":false,"_monsterinsights_sitenote_active":false,"_monsterinsights_sitenote_note":"","_monsterinsights_sitenote_category":0,"footnotes":""},"class_list":["post-913","page","type-page","status-publish","hentry"],"acf":[],"_links":{"self":[{"href":"https:\/\/nbquality.eu\/lt\/wp-json\/wp\/v2\/pages\/913","targetHints":{"allow":["GET"]}}],"collection":[{"href":"https:\/\/nbquality.eu\/lt\/wp-json\/wp\/v2\/pages"}],"about":[{"href":"https:\/\/nbquality.eu\/lt\/wp-json\/wp\/v2\/types\/page"}],"author":[{"embeddable":true,"href":"https:\/\/nbquality.eu\/lt\/wp-json\/wp\/v2\/users\/2"}],"replies":[{"embeddable":true,"href":"https:\/\/nbquality.eu\/lt\/wp-json\/wp\/v2\/comments?post=913"}],"version-history":[{"count":29,"href":"https:\/\/nbquality.eu\/lt\/wp-json\/wp\/v2\/pages\/913\/revisions"}],"predecessor-version":[{"id":5762,"href":"https:\/\/nbquality.eu\/lt\/wp-json\/wp\/v2\/pages\/913\/revisions\/5762"}],"up":[{"embeddable":true,"href":"https:\/\/nbquality.eu\/lt\/wp-json\/wp\/v2\/pages\/5763"}],"wp:attachment":[{"href":"https:\/\/nbquality.eu\/lt\/wp-json\/wp\/v2\/media?parent=913"}],"curies":[{"name":"wp","href":"https:\/\/api.w.org\/{rel}","templated":true}]}}