 


{"id":5776,"date":"2020-03-26T13:49:31","date_gmt":"2020-03-26T11:49:31","guid":{"rendered":"https:\/\/nbquality.eu\/kontaktai\/"},"modified":"2024-01-09T16:35:47","modified_gmt":"2024-01-09T14:35:47","slug":"kontaktai","status":"publish","type":"page","link":"https:\/\/nbquality.eu\/lt\/kontaktai\/","title":{"rendered":"Kontaktai"},"content":{"rendered":"<div class=\"wpb-content-wrapper\"><p>[vc_row css=&#8221;.vc_custom_1572619431524{margin-top: 0px !important;margin-right: 0px !important;margin-bottom: 0px !important;margin-left: 0px !important;padding-top: 0px !important;padding-right: 0px !important;padding-bottom: 0px !important;padding-left: 0px !important;}&#8221; el_class=&#8221;common-slider&#8221;][vc_column][vc_empty_space][vc_column_text el_class=&#8221;common-title&#8221;]<\/p>\n<h2>M\u016bs\u0173 <strong>Kontaktai<\/strong><\/h2>\n<hr \/>\n<p>[\/vc_column_text]<div class=\"aio-icon-component    style_1\"><div id=\"Info-box-wrap-9625\" class=\"aio-icon-box default-icon\" style=\"\"  ><div class=\"aio-icon-description ult-responsive\"  data-ultimate-target='#Info-box-wrap-9625 .aio-icon-description'  data-responsive-json-new='{\"font-size\":\"\",\"line-height\":\"\"}'  style=\"\"><\/p>\n<blockquote>\n<p style=\"text-align: center;\">Kiekvienoje rinkoje, kurioje mes esame, yra pardavim\u0173 specialist\u0173 komanda, kuri kiekvien\u0105 savait\u0119 lankosi pas klientus. Pra\u0161ome ie\u0161koti komandos kontakt\u0173 perjungdami \u012f \u0161alies vietin\u0119 kalb\u0105.<\/p>\n<\/blockquote>\n<p><\/div> <!-- description --><\/div> <!-- aio-icon-box --><\/div> <!-- aio-icon-component -->[vc_row_inner][vc_column_inner width=&#8221;1\/4&#8243;]<link rel=\"stylesheet\" href=\"https:\/\/nbquality.eu\/wp-content\/plugins\/indeed-my-team-vc\/themes\/theme_5\/style.css\" type=\"text\/css\" media=\"all\"><link rel=\"stylesheet\" href=\"https:\/\/nbquality.eu\/wp-content\/plugins\/indeed-my-team-vc\/layouts\/style_ee3733.css\" type=\"text\/css\" media=\"all\"><style>\n    \t\t\t\t\t\t@media only screen and (max-width: 479px) {\n    \t\t\t\t\t\t\t#indeed_carousel_view_widget_3627 ul li{\n    \t\t\t\t\t\t\t\twidth: calc(100% - 1px) !important;\n    \t\t\t\t\t\t\t}\n    \t\t\t\t\t\t}\n    \t\t\t\t\t\n    \t\t\t\t\t\t@media only screen and (min-width: 480px) and (max-width: 767px){\n    \t\t\t\t\t\t\t#indeed_carousel_view_widget_3627 ul li{\n    \t\t\t\t\t\t\t\twidth: calc(50% - 1px) !important;\n    \t\t\t\t\t\t\t}\n    \t\t\t\t\t\t}\n    \t\t\t\t\t#indeed_carousel_view_widget_3627 ul{text-align: center;}.theme_5 .ict_wrapp ul li {\r\nfont-size: 17px;\r\ntext-align: center;\r\n}\r\n.theme_5 .member-email, .theme_5 .member-web, .theme_5 .member-phone {\r\nfont-size: 15px;\r\nline-height: 1.8;\r\n}\r\n.theme_5 .member-location {\r\n font-size: 14px;\r\n}<\/style><style>\n\t\t\t\t\t .style_ee3733 .ict_wrapp .owl-imtvc-theme .owl-imtvc-dots .owl-imtvc-dot.active span, .style_ee3733 .ict_wrapp  .owl-imtvc-theme .owl-imtvc-dots .owl-imtvc-dot:hover span { background: #ee3733 !important; }\n\t\t\t\t\t .style_ee3733 .pag-theme1 .ict_wrapp .owl-imtvc-theme .owl-imtvc-nav [class*=\"owl-imtvc-\"]:hover{ background-color: #ee3733; }\n\t\t\t\t\t .style_ee3733 .pag-theme2 .ict_wrapp .owl-imtvc-theme .owl-imtvc-nav [class*=\"owl-imtvc-\"]:hover{ color: #ee3733; }\n\t\t\t\t\t .style_ee3733 .pag-theme3 .ict_wrapp .owl-imtvc-theme .owl-imtvc-nav [class*=\"owl-imtvc-\"]:hover{ background-color: #ee3733;}<\/style><div class='style_ee3733'><div class='theme_5 pag-theme1'><div class='ict_wrapp'><div class='ict_content_cl imt-column-1' id='indeed_carousel_view_widget_3627' ><ul id='indeed_ul_3627_1' class=''><li style='width: calc(100% - 1px)'>\n<div class=\"team-member\">\n<div class=\"member-img\">\n <a >\n <img data-opt-id=2066881526  fetchpriority=\"high\" decoding=\"async\" title=\"Ri\u010dardas Va\u0161kelis\" src=\"https:\/\/mljajri9q6rl.i.optimole.com\/cb:wTR3.9d\/w:auto\/h:auto\/q:mauto\/ig:avif\/https:\/\/nbquality.eu\/wp-content\/uploads\/2020\/03\/Ričardas-Vaškelis-160x160-1.jpg\" alt=\"\"\/>\n <\/a>\n <div class=\"member-desc\">\n\tJUNGENT LIETUVA UAB\r\nUkmerges 283\r\nVilnius, LT-06313\r\nLithuania\r\n+370 5278 0222\n  <\/div>\n<\/div>\n<div class=\"member-content\">\n<div class=\"member-name\">\n<a >\nRi\u010dardas Va\u0161kelis\n<\/a> \n<\/div>\t\n<div style=\"text-align:center;\">\n<div class=\"member-job\">\n\n <\/div>\n <\/div>\n<div class=\"member-skills-wrapper\">\n    \n<\/div>\n<div class=\"member-social\">\n\t\n  <\/div>\n<div class=\"member-email\">\n<i class=\"glyphicont-envelope\"><\/i> <a href=\"mailto:ricardas.vaskelis@jungent.eu\">ricardas.vaskelis@jungent.eu<\/a>\n<\/div>\n<div class=\"member-web\">\n\n<\/div>\n<div class=\"member-phone\">\n<i class=\"icont-phone\"><\/i> +370 6865 0276\n<\/div>\n<div class=\"member-location\">\n\n<\/div>\n<\/div>\n<\/li><div class='clear'><\/div><\/ul><\/div><script>\n\tjQuery('.team-member').find('.fill').css('width','0%');\n\n\tjQuery(window).bind('load', function(){\n       jQuery('.team-member').each(function() {\n\t\tjQuery(this).find('.fill').each(function() {\n\t\t\t\tvar k = 0, f = jQuery(this), p = f.attr('data-progress-animation'), w = f.width();\n\t\t\t\tif (w == 0) {\n\t\t\t\t\tp = p.substring(0, p.length - 1);\n\t\t\t\t\tvar go = function() {\n\t\t\t\t\t\treturn k >= p || k>= 100 ?( false ) : ( k += 1, f.css('width', k + '%'), setTimeout(go, 1) )\n\t\t\t\t\t\t};\n\t\t\t\t\tgo();\n\t\t\t\t}\n\t\t\t});\n\t\t});\n\t});\n        <\/script><\/div><\/div><\/div><div id ='imt_modal_id' class='imt-modal-wrapp'><div class='imt-modal-content'><div class='imt-close'>x<\/div><div class='imt-response'><\/div><\/div><\/div>[vc_column_text]<\/p>\n<p style=\"text-align: center;\">JUNGENT LIETUVA UAB<br \/>\nUkmerges 283<br \/>\nVilnius, LT-06313<br \/>\nLithuania<br \/>\n+370 5278 0222<\/p>\n<p>[\/vc_column_text][\/vc_column_inner][vc_column_inner width=&#8221;1\/2&#8243;][vc_raw_html css=&#8221;.vc_custom_1585321921711{margin-right: 0px !important;margin-left: 0px !important;border-right-width: 0px !important;border-left-width: 0px !important;padding-right: 0px !important;padding-left: 0px !important;border-left-style: none !important;border-right-style: none !important;}&#8221;]JTVCcHV0X3dwZ20lMjBpZCUzRDUlNUQ=[\/vc_raw_html][\/vc_column_inner][vc_column_inner width=&#8221;1\/4&#8243;][vc_message color=&#8221;info&#8221; css_animation=&#8221;none&#8221; css=&#8221;.vc_custom_1585224227247{background-color: #ffffff !important;}&#8221;]<\/p>\n<p style=\"text-align: center;\"><span style=\"color: #000000;\">NB QUALITY GROUP LTD.<\/span><\/p>\n<p style=\"text-align: center;\">Sinilille 1-2, Peetri, Rae parapija, Talinas, 75312<br \/>\ninfo@nbquality.eu<\/p>\n<p style=\"text-align: center;\">Verslo registro Nr. 11612137<br \/>\nPVM Nr. EE101285478<\/p>\n<p style=\"text-align: center;\">\u201eNB Quality Group\u201c biuras:<br \/>\n<strong>Pirmadienis \u2013 penktadienis<\/strong> 8.30\u201316.30<br \/>\n<strong>\u0160e\u0161tadienis<\/strong> U\u017dDARYTA<br \/>\n<strong>Sekmadienis<\/strong> U\u017dDARYTA<\/p>\n<p>[\/vc_message][\/vc_column_inner][\/vc_row_inner][\/vc_column][\/vc_row][vc_row][vc_column][vc_empty_space][vc_separator css=&#8221;.vc_custom_1563978158635{margin-top: 30px !important;}&#8221;][\/vc_column][\/vc_row][vc_row][vc_column][vc_empty_space height=&#8221;32 px&#8221;]\n<div class=\"wpcf7 no-js\" id=\"wpcf7-f5784-o1\" lang=\"et\" dir=\"ltr\" data-wpcf7-id=\"5784\">\n<div class=\"screen-reader-response\"><p role=\"status\" aria-live=\"polite\" aria-atomic=\"true\"><\/p> <ul><\/ul><\/div>\n<form action=\"\/lt\/wp-json\/wp\/v2\/pages\/5776#wpcf7-f5784-o1\" method=\"post\" class=\"wpcf7-form init\" aria-label=\"Contact form\" novalidate=\"novalidate\" data-status=\"init\">\n<fieldset class=\"hidden-fields-container\"><input type=\"hidden\" name=\"_wpcf7\" value=\"5784\" \/><input type=\"hidden\" name=\"_wpcf7_version\" value=\"6.1.5\" \/><input type=\"hidden\" name=\"_wpcf7_locale\" value=\"et\" \/><input type=\"hidden\" name=\"_wpcf7_unit_tag\" value=\"wpcf7-f5784-o1\" \/><input type=\"hidden\" name=\"_wpcf7_container_post\" value=\"0\" \/><input type=\"hidden\" name=\"_wpcf7_posted_data_hash\" value=\"\" \/><input type=\"hidden\" name=\"_wpcf7cf_hidden_group_fields\" value=\"[]\" \/><input type=\"hidden\" name=\"_wpcf7cf_hidden_groups\" value=\"[]\" \/><input type=\"hidden\" name=\"_wpcf7cf_visible_groups\" value=\"[]\" \/><input type=\"hidden\" name=\"_wpcf7cf_repeaters\" value=\"[]\" \/><input type=\"hidden\" name=\"_wpcf7cf_steps\" value=\"{}\" \/><input type=\"hidden\" name=\"_wpcf7cf_options\" value=\"{&quot;form_id&quot;:5784,&quot;conditions&quot;:[],&quot;settings&quot;:{&quot;animation&quot;:&quot;yes&quot;,&quot;animation_intime&quot;:200,&quot;animation_outtime&quot;:200,&quot;conditions_ui&quot;:&quot;normal&quot;,&quot;notice_dismissed&quot;:false,&quot;notice_dismissed_rollback-cf7-5.6.4&quot;:true,&quot;notice_dismissed_update-cf7-5.9.5&quot;:true,&quot;notice_dismissed_rollback-cf7-5.9.5&quot;:true}}\" \/><input type=\"hidden\" name=\"_wpcf7_recaptcha_response\" value=\"\" \/>\n<\/fieldset>\n<p><label> Vardas (b\u016btina)<br \/>\n<span class=\"wpcf7-form-control-wrap\" data-name=\"your-name\"><input size=\"40\" maxlength=\"400\" class=\"wpcf7-form-control wpcf7-text wpcf7-validates-as-required\" aria-required=\"true\" aria-invalid=\"false\" value=\"\" type=\"text\" name=\"your-name\" \/><\/span> <\/label>\n<\/p>\n<p><label> Elektroninis pa\u0161tas (b\u016btina)<br \/>\n<span class=\"wpcf7-form-control-wrap\" data-name=\"your-email\"><input size=\"40\" maxlength=\"400\" class=\"wpcf7-form-control wpcf7-email wpcf7-validates-as-required wpcf7-text wpcf7-validates-as-email\" aria-required=\"true\" aria-invalid=\"false\" value=\"\" type=\"email\" name=\"your-email\" \/><\/span> <\/label>\n<\/p>\n<p><label> Tema<br \/>\n<span class=\"wpcf7-form-control-wrap\" data-name=\"your-subject\"><input size=\"40\" maxlength=\"400\" class=\"wpcf7-form-control wpcf7-text\" aria-invalid=\"false\" value=\"\" type=\"text\" name=\"your-subject\" \/><\/span> <\/label>\n<\/p>\n<p><label> Prane\u0161imas<br \/>\n<span class=\"wpcf7-form-control-wrap\" data-name=\"your-message\"><textarea cols=\"40\" rows=\"10\" maxlength=\"2000\" class=\"wpcf7-form-control wpcf7-textarea\" aria-invalid=\"false\" name=\"your-message\"><\/textarea><\/span> <\/label>\n<\/p>\n<p><input class=\"wpcf7-form-control wpcf7-submit has-spinner\" type=\"submit\" value=\"Si\u0173sti\" \/>\n<\/p><div class=\"wpcf7-response-output\" aria-hidden=\"true\"><\/div>\n<\/form>\n<\/div>\n[\/vc_column][\/vc_row]<\/p>\n<\/div>","protected":false},"excerpt":{"rendered":"<p>[vc_row css=&#8221;.vc_custom_1572619431524{margin-top: 0px !important;margin-right: 0px !important;margin-bottom: 0px !important;margin-left: 0px !important;padding-top: 0px !important;padding-right: 0px !important;padding-bottom: 0px !important;padding-left: 0px !important;}&#8221; el_class=&#8221;common-slider&#8221;][vc_column][vc_empty_space][vc_column_text el_class=&#8221;common-title&#8221;] M\u016bs\u0173 Kontaktai [\/vc_column_text][vc_row_inner][vc_column_inner width=&#8221;1\/4&#8243;][vc_column_text] JUNGENT LIETUVA UAB Ukmerges 283 Vilnius, LT-06313 Lithuania +370 5278 0222 [\/vc_column_text][\/vc_column_inner][vc_column_inner width=&#8221;1\/2&#8243;][vc_raw_html css=&#8221;.vc_custom_1585321921711{margin-right: 0px !important;margin-left: 0px !important;border-right-width: 0px !important;border-left-width: 0px !important;padding-right: 0px !important;padding-left: 0px !important;border-left-style: none !important;border-right-style: none !important;}&#8221;]JTVCcHV0X3dwZ20lMjBpZCUzRDUlNUQ=[\/vc_raw_html][\/vc_column_inner][vc_column_inner width=&#8221;1\/4&#8243;][vc_message &hellip; <\/p>\n<p class=\"link-more\"><a href=\"https:\/\/nbquality.eu\/lt\/kontaktai\/\" class=\"more-link\">Toliau skaityti<span class=\"screen-reader-text\"> &#8220;Kontaktai&#8221;<\/span><\/a><\/p>\n","protected":false},"author":2,"featured_media":0,"parent":0,"menu_order":0,"comment_status":"closed","ping_status":"closed","template":"","meta":{"_acf_changed":false,"_monsterinsights_skip_tracking":false,"_monsterinsights_sitenote_active":false,"_monsterinsights_sitenote_note":"","_monsterinsights_sitenote_category":0,"footnotes":""},"class_list":["post-5776","page","type-page","status-publish","hentry"],"acf":[],"_links":{"self":[{"href":"https:\/\/nbquality.eu\/lt\/wp-json\/wp\/v2\/pages\/5776","targetHints":{"allow":["GET"]}}],"collection":[{"href":"https:\/\/nbquality.eu\/lt\/wp-json\/wp\/v2\/pages"}],"about":[{"href":"https:\/\/nbquality.eu\/lt\/wp-json\/wp\/v2\/types\/page"}],"author":[{"embeddable":true,"href":"https:\/\/nbquality.eu\/lt\/wp-json\/wp\/v2\/users\/2"}],"replies":[{"embeddable":true,"href":"https:\/\/nbquality.eu\/lt\/wp-json\/wp\/v2\/comments?post=5776"}],"version-history":[{"count":15,"href":"https:\/\/nbquality.eu\/lt\/wp-json\/wp\/v2\/pages\/5776\/revisions"}],"predecessor-version":[{"id":7345,"href":"https:\/\/nbquality.eu\/lt\/wp-json\/wp\/v2\/pages\/5776\/revisions\/7345"}],"wp:attachment":[{"href":"https:\/\/nbquality.eu\/lt\/wp-json\/wp\/v2\/media?parent=5776"}],"curies":[{"name":"wp","href":"https:\/\/api.w.org\/{rel}","templated":true}]}}