 


{"id":5763,"date":"2020-03-26T13:30:50","date_gmt":"2020-03-26T11:30:50","guid":{"rendered":"https:\/\/nbquality.eu\/home\/"},"modified":"2026-01-19T14:20:12","modified_gmt":"2026-01-19T12:20:12","slug":"home","status":"publish","type":"page","link":"https:\/\/nbquality.eu\/lt\/","title":{"rendered":"Home"},"content":{"rendered":"<div class=\"wpb-content-wrapper\"><p>[vc_row css=&#8221;.vc_custom_1544774608992{margin-top: 0px !important;margin-right: 0px !important;margin-bottom: 0px !important;margin-left: 0px !important;padding-top: 0px !important;padding-right: 0px !important;padding-bottom: 0px !important;padding-left: 0px !important;}&#8221; el_class=&#8221;common-slider&#8221;][vc_column][rev_slider_vc alias=&#8221;home-est&#8221; el_class=&#8221;home-slider&#8221;][\/vc_column][\/vc_row][vc_row el_class=&#8221;our-brand&#8221; css=&#8221;.vc_custom_1544000977768{margin-top: 0px !important;margin-bottom: 0px !important;margin-left: 0px !important;padding-top: 0px !important;padding-right: 0px !important;padding-bottom: 0px !important;padding-left: 0px !important;}&#8221;][vc_column][vc_row_inner el_class=&#8221;our-brand-logo&#8221;][vc_column_inner][vc_column_text css=&#8221;.vc_custom_1544770520868{margin-top: 0px !important;margin-right: 0px !important;margin-bottom: 0px !important;margin-left: 0px !important;padding-top: 0px !important;padding-right: 0px !important;padding-bottom: 0px !important;padding-left: 0px !important;}&#8221;]<\/p>\n<h1 style=\"text-align: center;\">M\u016bs\u0173 <strong>Stipr\u016bs Prek\u0117s \u017eenklai<\/strong><\/h1>\n<hr \/>\n<h2 style=\"text-align: center;\"><\/h2>\n<p>[\/vc_column_text][vc_images_carousel images=&#8221;2378,1193,1900,4961,1489,3552,1513,1521,1534,1646,1664,1711,1567,1579,2739,2747,2731,2756,2764&#8243; img_size=&#8221;large&#8221; onclick=&#8221;link_no&#8221; slides_per_view=&#8221;5&#8243; autoplay=&#8221;yes&#8221; hide_pagination_control=&#8221;yes&#8221; partial_view=&#8221;yes&#8221; wrap=&#8221;yes&#8221; el_class=&#8221;vc_custominfiniteloop&#8221;][\/vc_column_inner][\/vc_row_inner][\/vc_column][\/vc_row][vc_row parallax=&#8221;content-moving-fade&#8221; parallax_image=&#8221;85&#8243; css_animation=&#8221;none&#8221; el_class=&#8221;our-market&#8221; css=&#8221;.vc_custom_1564150956166{margin-top: 0px !important;margin-right: 0px !important;margin-bottom: 0px !important;margin-left: 0px !important;padding-top: 0px !important;padding-right: 0px !important;padding-bottom: 0px !important;padding-left: 0px !important;background-image: url(https:\/\/yeshostings.com\/dev\/nbquality\/wp-content\/uploads\/2018\/12\/market-bg.jpg?id=85) !important;background-position: center;background-repeat: no-repeat !important;background-size: cover !important;}&#8221;][vc_column][vc_column_text css=&#8221;.vc_custom_1564574941338{margin-top: 0px !important;margin-right: 0px !important;margin-bottom: 0px !important;margin-left: 0px !important;padding-top: 0px !important;padding-right: 0px !important;padding-bottom: 0px !important;padding-left: 0px !important;}&#8221;]<\/p>\n<h2>M\u016bs\u0173 <strong>Rinkos Sektoriai<\/strong><\/h2>\n<hr \/>\n<p>[\/vc_column_text][vc_row_inner css=&#8221;.vc_custom_1544004362619{margin-top: 0px !important;margin-right: 0px !important;margin-bottom: 0px !important;margin-left: 0px !important;padding-top: 0px !important;padding-right: 0px !important;padding-bottom: 0px !important;padding-left: 0px !important;}&#8221; el_class=&#8221;our-market-logo&#8221;][vc_column_inner width=&#8221;1\/6&#8243;][vc_single_image image=&#8221;6481&#8243; img_size=&#8221;full&#8221; add_caption=&#8221;yes&#8221; alignment=&#8221;center&#8221; onclick=&#8221;custom_link&#8221; link=&#8221;https:\/\/nbquality.eu\/lt\/produktai&#8221; el_class=&#8221;faa-pulse animated-hover&#8221;][\/vc_column_inner][vc_column_inner width=&#8221;1\/6&#8243;][vc_single_image image=&#8221;6490&#8243; img_size=&#8221;full&#8221; add_caption=&#8221;yes&#8221; alignment=&#8221;center&#8221; onclick=&#8221;custom_link&#8221; link=&#8221;https:\/\/nbquality.eu\/lt\/produktai&#8221; el_class=&#8221;faa-pulse animated-hover&#8221;][\/vc_column_inner][vc_column_inner width=&#8221;1\/6&#8243;][vc_single_image image=&#8221;6498&#8243; img_size=&#8221;full&#8221; add_caption=&#8221;yes&#8221; alignment=&#8221;center&#8221; onclick=&#8221;custom_link&#8221; link=&#8221;https:\/\/nbquality.eu\/lt\/produktai&#8221; el_class=&#8221;faa-pulse animated-hover&#8221;][\/vc_column_inner][vc_column_inner width=&#8221;1\/6&#8243;][vc_single_image image=&#8221;6506&#8243; img_size=&#8221;full&#8221; add_caption=&#8221;yes&#8221; alignment=&#8221;center&#8221; onclick=&#8221;custom_link&#8221; link=&#8221;https:\/\/nbquality.eu\/lt\/produktai&#8221; el_class=&#8221;faa-pulse animated-hover&#8221;][\/vc_column_inner][vc_column_inner width=&#8221;1\/6&#8243;][vc_single_image image=&#8221;6514&#8243; img_size=&#8221;full&#8221; add_caption=&#8221;yes&#8221; alignment=&#8221;center&#8221; onclick=&#8221;custom_link&#8221; link=&#8221;https:\/\/nbquality.eu\/lt\/produktai&#8221; el_class=&#8221;faa-pulse animated-hover&#8221;][\/vc_column_inner][vc_column_inner width=&#8221;1\/6&#8243;][vc_single_image image=&#8221;6522&#8243; img_size=&#8221;full&#8221; add_caption=&#8221;yes&#8221; alignment=&#8221;center&#8221; onclick=&#8221;custom_link&#8221; link=&#8221;https:\/\/nbquality.eu\/lt\/produktai&#8221; el_class=&#8221;faa-pulse animated-hover&#8221;][\/vc_column_inner][\/vc_row_inner][\/vc_column][\/vc_row][vc_row][vc_column][vc_column_text el_class=&#8221;common-title&#8221;]<\/p>\n<h2>Testing <strong>Break Cleaner products<\/strong><\/h2>\n<hr \/>\n<p>[\/vc_column_text]\n\t\t\t\t<p class=\"rs-p-wp-fix\"><\/p>\n\t\t\t\t<sr7-module data-alias=\"brake-cleaner-eng\" data-id=\"43\" id=\"SR7_43_1\" class=\"rs-ov-hidden\" data-version=\"6.7.38\">\n\t\t\t\t\t<sr7-adjuster><\/sr7-adjuster>\n\t\t\t\t\t<sr7-content>\n\t\t\t\t\t\t<sr7-slide id=\"SR7_43_1-51\" data-key=\"51\">\n\t\t\t\t\t\t<\/sr7-slide>\n\t\t\t\t\t\t<sr7-slide id=\"SR7_43_1-83\" data-key=\"83\">\n\t\t\t\t\t\t<\/sr7-slide>\n\t\t\t\t\t<\/sr7-content>\n\t\t\t\t<\/sr7-module>\n\t\t\t\t<script>\n\t\t\t\t\tSR7.PMH ??={}; SR7.PMH[\"SR7_43_1\"] = {cn:100,state:false,fn: function() { if (_tpt!==undefined && _tpt.prepareModuleHeight !== undefined) {  _tpt.prepareModuleHeight({id:\"SR7_43_1\",el:[700,700,768,960,720],type:'hero',shdw:'0',gh:[700,700,578,439,271],gw:[1240,1240,1024,778,480],vpt:['-200px'],size:{fullWidth:true, fullHeight:false},mh:'0',onh:0,onw:0,bg:{color:'{\"orig\":\"transparent\",\"type\":\"solid\",\"string\":\"transparent\"}'}});   SR7.PMH[\"SR7_43_1\"].state=true;} else if(SR7.PMH[\"SR7_43_1\"].cn-->0)\tsetTimeout( SR7.PMH[\"SR7_43_1\"].fn,19);}};SR7.PMH[\"SR7_43_1\" ].fn();\n\t\t\t\t<\/script>\n[\/vc_column][\/vc_row][vc_row css=&#8221;.vc_custom_1573054880219{margin-top: 0px !important;margin-right: 0px !important;margin-bottom: 0px !important;margin-left: 0px !important;padding-top: 0px !important;padding-right: 0px !important;padding-bottom: 0px !important;padding-left: 0px !important;}&#8221; el_class=&#8221;our-company&#8221;][vc_column width=&#8221;1\/2&#8243; css=&#8221;.vc_custom_1565357184486{margin-top: 0px !important;margin-right: 0px !important;margin-bottom: 0px !important;margin-left: 0px !important;padding-top: 40px !important;padding-right: 0px !important;padding-bottom: 40px !important;padding-left: 0px !important;}&#8221; el_class=&#8221;our-company-content eng-ver&#8221;][vc_column_text css=&#8221;.vc_custom_1573735605830{margin-top: 0px !important;margin-right: 0px !important;margin-bottom: 0px !important;margin-left: 0px !important;padding-top: 0px !important;padding-right: 0px !important;padding-bottom: 0px !important;padding-left: 0px !important;}&#8221;]<\/p>\n<h2 style=\"text-align: left;\">M\u016bs\u0173 <strong>Kompanija<\/strong><\/h2>\n<hr \/>\n<p>[\/vc_column_text][vc_column_text css=&#8221;.vc_custom_1573735535711{margin-top: 0px !important;margin-right: 0px !important;margin-bottom: 0px !important;margin-left: 0px !important;padding-top: 0px !important;padding-right: 0px !important;padding-bottom: 0px !important;padding-left: 0px !important;}&#8221;]<\/p>\n<p style=\"text-align: center;\">\u201eNB Quality Group O\u00dc\u201c \u012fkurta 2009 metais. Bendrov\u0117s steig\u0117jai &#8211; Urmo Aava ir Silver K\u00fctt.<\/p>\n<p style=\"text-align: center;\">\u012emon\u0117 \u012fkurta su tikslu tiekti auk\u0161tos kokyb\u0117s ir inovacinius technin\u0117s prie\u017ei\u016bros chemini\u0173 priemoni\u0173 serijos produktus Baltijos \u0161alyse. Siekiant \u0161io tikslo, pirmiausiai buvo i\u0161tirta Baltijos automobili\u0173 rinka, pramon\u0117s ir<br \/>\n\u017eem\u0117s \u016bkio sektoriai. I\u0161 kiekvienos srities gaut\u0173 specialist\u0173 atsiliepim\u0173 pagrindu \u201eNB Quality Group\u201c suk\u016br\u0117<br \/>\nbaz\u0119 produkt\u0173 serij\u0105, kuri atsi\u017evelgia \u012f Baltijos \u0161ali\u0173 bei artimiausi\u0173 kaimynini\u0173 valstybi\u0173 klimatines savybes.<\/p>\n<p style=\"text-align: center;\">\u201eNB Quality&#8221; technin\u0117s prie\u017ei\u016bros chemin\u0117s priemon\u0117s yra pagamintos geriausiose Europos gamyklose ir j\u0173 gamyboje pasinaudota i\u0161 m\u016bs\u0173 klient\u0173 gaut\u0173 atsiliepim\u0173 pagrindu sudarytomis u\u017eduotimis. Visos technin\u0117s prie\u017ei\u016bros chemin\u0117s priemon\u0117s atitinka Europos Komisijos REACH reglamento reikalavimus, kas u\u017etikrina chemini\u0173 med\u017eiag\u0173 kokyb\u0119 ir atitikt\u012f.<\/p>\n<p>[\/vc_column_text][\/vc_column][vc_column width=&#8221;1\/2&#8243; css=&#8221;.vc_custom_1573054995755{margin-top: 0px !important;margin-right: 0px !important;margin-bottom: 0px !important;margin-left: 0px !important;padding-top: 40px !important;padding-right: 0px !important;padding-bottom: 40px !important;padding-left: 0px !important;background-position: center !important;background-repeat: no-repeat !important;background-size: cover !important;}&#8221; el_class=&#8221;our-company-content eng-ver&#8221;][vc_column_text css=&#8221;.vc_custom_1573054751117{margin-top: 0px !important;margin-right: 0px !important;margin-bottom: 0px !important;margin-left: 0px !important;padding-top: 0px !important;padding-right: 0px !important;padding-bottom: 0px !important;padding-left: 0px !important;}&#8221;]<\/p>\n<h2>M\u016bs\u0173 <strong>Partneriai<\/strong><\/h2>\n<hr \/>\n<p>[\/vc_column_text]<link rel=\"stylesheet\" href=\"https:\/\/nbquality.eu\/wp-content\/plugins\/indeed-my-team-vc\/themes\/theme_5\/style.css\" type=\"text\/css\" media=\"all\"><link rel=\"stylesheet\" href=\"https:\/\/nbquality.eu\/wp-content\/plugins\/indeed-my-team-vc\/layouts\/style_ee3733.css\" type=\"text\/css\" media=\"all\"><style>\n    \t\t\t\t\t\t@media only screen and (max-width: 479px) {\n    \t\t\t\t\t\t\t#indeed_carousel_view_widget_2325 ul li{\n    \t\t\t\t\t\t\t\twidth: calc(100% - 1px) !important;\n    \t\t\t\t\t\t\t}\n    \t\t\t\t\t\t}\n    \t\t\t\t\t\n    \t\t\t\t\t\t@media only screen and (min-width: 480px) and (max-width: 767px){\n    \t\t\t\t\t\t\t#indeed_carousel_view_widget_2325 ul li{\n    \t\t\t\t\t\t\t\twidth: calc(50% - 1px) !important;\n    \t\t\t\t\t\t\t}\n    \t\t\t\t\t\t}\n    \t\t\t\t\t.theme_5 .ict_wrapp ul li {\r\nfont-size: 17px;\r\ntext-align: center;\r\n}\r\n.theme_5 .member-email, .theme_5 .member-web, .theme_5 .member-phone {\r\nfont-size: 15px;\r\nline-height: 1.8;\r\n}\r\n.theme_5 .member-location {\r\n font-size: 14px;\r\n}<\/style><style>\n\t\t\t\t\t .style_ee3733 .ict_wrapp .owl-imtvc-theme .owl-imtvc-dots .owl-imtvc-dot.active span, .style_ee3733 .ict_wrapp  .owl-imtvc-theme .owl-imtvc-dots .owl-imtvc-dot:hover span { background: #ee3733 !important; }\n\t\t\t\t\t .style_ee3733 .pag-theme1 .ict_wrapp .owl-imtvc-theme .owl-imtvc-nav [class*=\"owl-imtvc-\"]:hover{ background-color: #ee3733; }\n\t\t\t\t\t .style_ee3733 .pag-theme2 .ict_wrapp .owl-imtvc-theme .owl-imtvc-nav [class*=\"owl-imtvc-\"]:hover{ color: #ee3733; }\n\t\t\t\t\t .style_ee3733 .pag-theme3 .ict_wrapp .owl-imtvc-theme .owl-imtvc-nav [class*=\"owl-imtvc-\"]:hover{ background-color: #ee3733;}<\/style><div class='style_ee3733'><div class='theme_5 pag-theme1'><div class='ict_wrapp'><div class='ict_content_cl imt-column-2' id='indeed_carousel_view_widget_2325' ><ul id='indeed_ul_2325_1' class=''><li style='width: calc(50% - 1px)'>\n<div class=\"team-member\">\n<div class=\"member-img\">\n <a >\n <img data-opt-id=867409202  fetchpriority=\"high\" decoding=\"async\" title=\"Urmo Aava\" src=\"https:\/\/mljajri9q6rl.i.optimole.com\/cb:wTR3.9d\/w:auto\/h:auto\/q:mauto\/ig:avif\/https:\/\/nbquality.eu\/wp-content\/uploads\/2019\/11\/kodu200109_NB_Quality_Erlend_Štaub-51-Edit.jpg\" alt=\"\"\/>\n <\/a>\n <div class=\"member-desc\">\n\t\n  <\/div>\n<\/div>\n<div class=\"member-content\">\n<div class=\"member-name\">\n<a >\nUrmo Aava\n<\/a> \n<\/div>\t\n<div style=\"text-align:center;\">\n<div class=\"member-job\">\nGeneralinis direktorius\n <\/div>\n <\/div>\n<div class=\"member-skills-wrapper\">\n    \n<\/div>\n<div class=\"member-social\">\n\t\n  <\/div>\n<div class=\"member-email\">\n\n<\/div>\n<div class=\"member-web\">\n\n<\/div>\n<div class=\"member-phone\">\n\n<\/div>\n<div class=\"member-location\">\n\n<\/div>\n<\/div>\n<\/li><li style='width: calc(50% - 1px)'>\n<div class=\"team-member\">\n<div class=\"member-img\">\n <a >\n <img data-opt-id=1271246758  fetchpriority=\"high\" decoding=\"async\" title=\"Silver K\u00fctt\" src=\"https:\/\/mljajri9q6rl.i.optimole.com\/cb:wTR3.9d\/w:auto\/h:auto\/q:mauto\/ig:avif\/https:\/\/nbquality.eu\/wp-content\/uploads\/2019\/11\/191101_NBQuality_Erlend-Štaub005.jpg\" alt=\"\"\/>\n <\/a>\n <div class=\"member-desc\">\n\t\n  <\/div>\n<\/div>\n<div class=\"member-content\">\n<div class=\"member-name\">\n<a >\nSilver K\u00fctt\n<\/a> \n<\/div>\t\n<div style=\"text-align:center;\">\n<div class=\"member-job\">\nCEO\n <\/div>\n <\/div>\n<div class=\"member-skills-wrapper\">\n    \n<\/div>\n<div class=\"member-social\">\n\t\n  <\/div>\n<div class=\"member-email\">\n\n<\/div>\n<div class=\"member-web\">\n\n<\/div>\n<div class=\"member-phone\">\n\n<\/div>\n<div class=\"member-location\">\n\n<\/div>\n<\/div>\n<\/li><div class='clear'><\/div><\/ul><\/div><script>\n\tjQuery('.team-member').find('.fill').css('width','0%');\n\n\tjQuery(window).bind('load', function(){\n       jQuery('.team-member').each(function() {\n\t\tjQuery(this).find('.fill').each(function() {\n\t\t\t\tvar k = 0, f = jQuery(this), p = f.attr('data-progress-animation'), w = f.width();\n\t\t\t\tif (w == 0) {\n\t\t\t\t\tp = p.substring(0, p.length - 1);\n\t\t\t\t\tvar go = function() {\n\t\t\t\t\t\treturn k >= p || k>= 100 ?( false ) : ( k += 1, f.css('width', k + '%'), setTimeout(go, 1) )\n\t\t\t\t\t\t};\n\t\t\t\t\tgo();\n\t\t\t\t}\n\t\t\t});\n\t\t});\n\t});\n        <\/script><\/div><\/div><\/div><div id ='imt_modal_id' class='imt-modal-wrapp'><div class='imt-modal-content'><div class='imt-close'>x<\/div><div class='imt-response'><\/div><\/div><\/div>[\/vc_column][\/vc_row][vc_row disable_element=&#8221;yes&#8221; el_class=&#8221;our-client&#8221; css=&#8221;.vc_custom_1573465172145{margin-top: 0px !important;margin-right: 0px !important;margin-bottom: 0px !important;margin-left: 0px !important;padding-top: 0px !important;padding-right: 0px !important;padding-bottom: 0px !important;padding-left: 0px !important;}&#8221;][vc_column][vc_column_text css=&#8221;.vc_custom_1544770756182{margin-top: 0px !important;margin-right: 0px !important;margin-bottom: 0px !important;margin-left: 0px !important;padding-top: 0px !important;padding-right: 0px !important;padding-bottom: 0px !important;padding-left: 0px !important;}&#8221;]<\/p>\n<h2>M\u016bs\u0173<strong>Lojal\u016bs Klientai<\/strong><\/h2>\n<hr \/>\n<p>[\/vc_column_text][vc_row_inner el_class=&#8221;client-logo&#8221; css=&#8221;.vc_custom_1544011216870{margin-top: 0px !important;margin-right: 0px !important;margin-bottom: 0px !important;margin-left: 0px !important;padding-top: 0px !important;padding-right: 0px !important;padding-bottom: 0px !important;padding-left: 0px !important;}&#8221;][vc_column_inner][vc_images_carousel images=&#8221;1876,1878,1880,1882,1884,1886,1888,1890,1854,1852,1850,1848,1846,1842&#8243; img_size=&#8221;full&#8221; onclick=&#8221;link_no&#8221; slides_per_view=&#8221;8&#8243; autoplay=&#8221;yes&#8221; hide_pagination_control=&#8221;yes&#8221; wrap=&#8221;yes&#8221; el_class=&#8221;hide&#8221;][vc_column_text]<p>No logo found<\/p>[\/vc_column_text][\/vc_column_inner][\/vc_row_inner][\/vc_column][\/vc_row]<\/p>\n<\/div>","protected":false},"excerpt":{"rendered":"<p>[vc_row css=&#8221;.vc_custom_1544774608992{margin-top: 0px !important;margin-right: 0px !important;margin-bottom: 0px !important;margin-left: 0px !important;padding-top: 0px !important;padding-right: 0px !important;padding-bottom: 0px !important;padding-left: 0px !important;}&#8221; el_class=&#8221;common-slider&#8221;][vc_column][rev_slider_vc alias=&#8221;home-est&#8221; el_class=&#8221;home-slider&#8221;][\/vc_column][\/vc_row][vc_row el_class=&#8221;our-brand&#8221; css=&#8221;.vc_custom_1544000977768{margin-top: 0px !important;margin-bottom: 0px !important;margin-left: 0px !important;padding-top: 0px !important;padding-right: 0px !important;padding-bottom: 0px !important;padding-left: 0px !important;}&#8221;][vc_column][vc_row_inner el_class=&#8221;our-brand-logo&#8221;][vc_column_inner][vc_column_text css=&#8221;.vc_custom_1544770520868{margin-top: 0px !important;margin-right: 0px !important;margin-bottom: 0px !important;margin-left: 0px !important;padding-top: 0px !important;padding-right: 0px !important;padding-bottom: 0px !important;padding-left: 0px !important;}&#8221;] &hellip; <\/p>\n<p class=\"link-more\"><a href=\"https:\/\/nbquality.eu\/lt\/\" class=\"more-link\">Toliau skaityti<span class=\"screen-reader-text\"> &#8220;Home&#8221;<\/span><\/a><\/p>\n","protected":false},"author":2,"featured_media":0,"parent":0,"menu_order":0,"comment_status":"closed","ping_status":"closed","template":"","meta":{"_acf_changed":false,"_monsterinsights_skip_tracking":false,"_monsterinsights_sitenote_active":false,"_monsterinsights_sitenote_note":"","_monsterinsights_sitenote_category":0,"footnotes":""},"class_list":["post-5763","page","type-page","status-publish","hentry"],"acf":[],"_links":{"self":[{"href":"https:\/\/nbquality.eu\/lt\/wp-json\/wp\/v2\/pages\/5763","targetHints":{"allow":["GET"]}}],"collection":[{"href":"https:\/\/nbquality.eu\/lt\/wp-json\/wp\/v2\/pages"}],"about":[{"href":"https:\/\/nbquality.eu\/lt\/wp-json\/wp\/v2\/types\/page"}],"author":[{"embeddable":true,"href":"https:\/\/nbquality.eu\/lt\/wp-json\/wp\/v2\/users\/2"}],"replies":[{"embeddable":true,"href":"https:\/\/nbquality.eu\/lt\/wp-json\/wp\/v2\/comments?post=5763"}],"version-history":[{"count":10,"href":"https:\/\/nbquality.eu\/lt\/wp-json\/wp\/v2\/pages\/5763\/revisions"}],"predecessor-version":[{"id":113466,"href":"https:\/\/nbquality.eu\/lt\/wp-json\/wp\/v2\/pages\/5763\/revisions\/113466"}],"wp:attachment":[{"href":"https:\/\/nbquality.eu\/lt\/wp-json\/wp\/v2\/media?parent=5763"}],"curies":[{"name":"wp","href":"https:\/\/api.w.org\/{rel}","templated":true}]}}