 


{"id":911,"date":"2018-12-26T10:48:57","date_gmt":"2018-12-26T10:48:57","guid":{"rendered":"https:\/\/nbquality.eu\/nb-kvaliteedist\/"},"modified":"2020-04-03T15:16:42","modified_gmt":"2020-04-03T13:16:42","slug":"yrityksesta","status":"publish","type":"page","link":"https:\/\/nbquality.eu\/fi\/home-2\/yrityksesta\/","title":{"rendered":"YRITYKSEST\u00c4"},"content":{"rendered":"<div class=\"wpb-content-wrapper\"><p>[vc_row el_class=&#8221;common-slider&#8221;][vc_column][rev_slider_vc alias=&#8221;home-est&#8221;][\/vc_column][\/vc_row][vc_row el_class=&#8221;page-content&#8221;][vc_column][vc_column_text el_class=&#8221;common-title&#8221;]<\/p>\n<h2>Meid\u00e4n <strong>YRITYKSEST\u00c4<\/strong><\/h2>\n<hr \/>\n<p style=\"text-align: center;\">NB Quality Group O\u00dc on perustettu vuonna 2009 Urmo Aavan ja Silver K\u00fcttin toimesta. Yrityksen perustamisen tarkoituksena oli tarjota Skandinavian ja It\u00e4-Euroopan alueen ammattilaisille innovatiivista ja laadukasta huoltokemikaalien tuotelinjaa. T\u00e4t\u00e4 varten kartoitettiin markkinatutkimuksien avulla autoilun, teollisuuden ja maatalouden alat. Jokaisen alan asiantuntijoilta saadun palautteen avulla NB Quality Group kehitti perustuoteperheen, joka ottaa huomioon Pohjoismaiden sek\u00e4 my\u00f6s It\u00e4-Euroopan maiden ilmaston erityispiirteet.<\/p>\n<p style=\"text-align: center;\">NB Quality Groupin huoltokemikaalit ovat tuotettu Euroopan parhaissa tehtaissa ja niiden valmistamiseen on k\u00e4ytetty niit\u00e4 l\u00e4ht\u00f6kohtia, jotka ovat koottu nojautuen asiakkaidemme palautteeseen. Kaikki meid\u00e4n huoltokemikaalituotteemme t\u00e4ytt\u00e4v\u00e4t Euroopan komission REACH m\u00e4\u00e4r\u00e4ykset.<\/p>\n<p style=\"text-align: center;\">NB Quality Group:n tavoitteena on tarjota asiakkaillemme huollon kokonaispalvelua. Tuotevalikoimaamme kuuluvat huoltokemikaalien lis\u00e4ksi rengastarvikkeet, paperit, muovit, katkaisu- ja hiomalaikat, ty\u00f6suojeluv\u00e4lineet, kemialliset pesuv\u00e4lineet, ty\u00f6kalut ja kiinnitysv\u00e4lineet.<\/p>\n<p>[\/vc_column_text][vc_row_inner disable_element=&#8221;yes&#8221; el_class=&#8221;client-logo&#8221; css=&#8221;.vc_custom_1573465202206{margin-top: 0px !important;margin-right: 0px !important;margin-bottom: 0px !important;margin-left: 0px !important;padding-top: 0px !important;padding-right: 0px !important;padding-bottom: 0px !important;padding-left: 0px !important;}&#8221;][vc_column_inner][vc_images_carousel images=&#8221;121,122,123,124,125,126,127,128,77,76,75,74,73,35&#8243; img_size=&#8221;full&#8221; onclick=&#8221;link_no&#8221; slides_per_view=&#8221;8&#8243; autoplay=&#8221;yes&#8221; hide_pagination_control=&#8221;yes&#8221; wrap=&#8221;yes&#8221; el_class=&#8221;hide&#8221;][vc_column_text]<style type='text\/css'><\/style><div class=\"rt-container-fluid rt-wpls\" id=\"rt-container-3524081243\" data-sc-id=\"154\"><div class=\"rt-row carousel-layout wpls-carousel\" data-slick='{ \"slidesToShow\": 8, \"slidesToScroll\": 1, \"speed\": 2000, \"dots\": false, \"arrows\": false, \"infinite\": true, \"pauseOnHover\": true, \"autoplay\": true, \"rtl\": false }' ><div class='rt-col-md-3 rt-col-sm-6 rt-col-xs-12'><div class='single-logo rt-equal-height' data-title='Logo 12'><div class='single-logo-container'><img data-opt-id=1224444576  fetchpriority=\"high\" decoding=\"async\" width=\"120\" height=\"40\" src=\"https:\/\/mljajri9q6rl.i.optimole.com\/cb:wTR3.9d\/w:auto\/h:auto\/q:mauto\/ig:avif\/https:\/\/nbquality.eu\/wp-content\/uploads\/2018\/12\/client-logo-4.png\" class=\"wls-logo\" alt=\"\" title=\"Logo 12\" \/><\/div><\/div><\/div><div class='rt-col-md-3 rt-col-sm-6 rt-col-xs-12'><div class='single-logo rt-equal-height' data-title='Logo 11'><div class='single-logo-container'><img data-opt-id=476917256  fetchpriority=\"high\" decoding=\"async\" width=\"130\" height=\"27\" src=\"https:\/\/mljajri9q6rl.i.optimole.com\/cb:wTR3.9d\/w:auto\/h:auto\/q:mauto\/ig:avif\/https:\/\/nbquality.eu\/wp-content\/uploads\/2018\/12\/client-logo-3.png\" class=\"wls-logo\" alt=\"\" title=\"Logo 11\" \/><\/div><\/div><\/div><div class='rt-col-md-3 rt-col-sm-6 rt-col-xs-12'><div class='single-logo rt-equal-height' data-title='Logo 10'><div class='single-logo-container'><img data-opt-id=647718398  data-opt-src=\"https:\/\/mljajri9q6rl.i.optimole.com\/cb:wTR3.9d\/w:auto\/h:auto\/q:mauto\/ig:avif\/https:\/\/nbquality.eu\/wp-content\/uploads\/2018\/12\/client-logo-2.png\"  decoding=\"async\" width=\"108\" height=\"42\" src=\"data:image/svg+xml,%3Csvg%20viewBox%3D%220%200%20100%%20100%%22%20width%3D%22100%%22%20height%3D%22100%%22%20xmlns%3D%22http%3A%2F%2Fwww.w3.org%2F2000%2Fsvg%22%3E%3Crect%20width%3D%22100%%22%20height%3D%22100%%22%20fill%3D%22transparent%22%2F%3E%3C%2Fsvg%3E\" class=\"wls-logo\" alt=\"\" title=\"Logo 10\" \/><\/div><\/div><\/div><div class='rt-col-md-3 rt-col-sm-6 rt-col-xs-12'><div class='single-logo rt-equal-height' data-title='Logo 9'><div class='single-logo-container'><img data-opt-id=310570664  data-opt-src=\"https:\/\/mljajri9q6rl.i.optimole.com\/cb:wTR3.9d\/w:auto\/h:auto\/q:mauto\/ig:avif\/https:\/\/nbquality.eu\/wp-content\/uploads\/2018\/12\/client-logo-1.png\"  decoding=\"async\" width=\"111\" height=\"26\" src=\"data:image/svg+xml,%3Csvg%20viewBox%3D%220%200%20100%%20100%%22%20width%3D%22100%%22%20height%3D%22100%%22%20xmlns%3D%22http%3A%2F%2Fwww.w3.org%2F2000%2Fsvg%22%3E%3Crect%20width%3D%22100%%22%20height%3D%22100%%22%20fill%3D%22transparent%22%2F%3E%3C%2Fsvg%3E\" class=\"wls-logo\" alt=\"\" title=\"Logo 9\" \/><\/div><\/div><\/div><div class='rt-col-md-3 rt-col-sm-6 rt-col-xs-12'><div class='single-logo rt-equal-height' data-title='Logo 8'><div class='single-logo-container'><img data-opt-id=1346599325  data-opt-src=\"https:\/\/mljajri9q6rl.i.optimole.com\/cb:wTR3.9d\/w:auto\/h:auto\/q:mauto\/ig:avif\/https:\/\/nbquality.eu\/wp-content\/uploads\/2018\/12\/client-logo-8.png\"  decoding=\"async\" width=\"112\" height=\"18\" src=\"data:image/svg+xml,%3Csvg%20viewBox%3D%220%200%20100%%20100%%22%20width%3D%22100%%22%20height%3D%22100%%22%20xmlns%3D%22http%3A%2F%2Fwww.w3.org%2F2000%2Fsvg%22%3E%3Crect%20width%3D%22100%%22%20height%3D%22100%%22%20fill%3D%22transparent%22%2F%3E%3C%2Fsvg%3E\" class=\"wls-logo\" alt=\"\" title=\"Logo 8\" \/><\/div><\/div><\/div><div class='rt-col-md-3 rt-col-sm-6 rt-col-xs-12'><div class='single-logo rt-equal-height' data-title='Logo 7'><div class='single-logo-container'><img data-opt-id=735725799  data-opt-src=\"https:\/\/mljajri9q6rl.i.optimole.com\/cb:wTR3.9d\/w:auto\/h:auto\/q:mauto\/ig:avif\/https:\/\/nbquality.eu\/wp-content\/uploads\/2018\/12\/client-logo-7.png\"  decoding=\"async\" width=\"87\" height=\"69\" src=\"data:image/svg+xml,%3Csvg%20viewBox%3D%220%200%20100%%20100%%22%20width%3D%22100%%22%20height%3D%22100%%22%20xmlns%3D%22http%3A%2F%2Fwww.w3.org%2F2000%2Fsvg%22%3E%3Crect%20width%3D%22100%%22%20height%3D%22100%%22%20fill%3D%22transparent%22%2F%3E%3C%2Fsvg%3E\" class=\"wls-logo\" alt=\"\" title=\"Logo 7\" \/><\/div><\/div><\/div><div class='rt-col-md-3 rt-col-sm-6 rt-col-xs-12'><div class='single-logo rt-equal-height' data-title='Logo 6'><div class='single-logo-container'><img data-opt-id=2138602321  data-opt-src=\"https:\/\/mljajri9q6rl.i.optimole.com\/cb:wTR3.9d\/w:auto\/h:auto\/q:mauto\/ig:avif\/https:\/\/nbquality.eu\/wp-content\/uploads\/2018\/12\/client-logo-6.png\"  decoding=\"async\" width=\"97\" height=\"53\" src=\"data:image/svg+xml,%3Csvg%20viewBox%3D%220%200%20100%%20100%%22%20width%3D%22100%%22%20height%3D%22100%%22%20xmlns%3D%22http%3A%2F%2Fwww.w3.org%2F2000%2Fsvg%22%3E%3Crect%20width%3D%22100%%22%20height%3D%22100%%22%20fill%3D%22transparent%22%2F%3E%3C%2Fsvg%3E\" class=\"wls-logo\" alt=\"\" title=\"Logo 6\" \/><\/div><\/div><\/div><div class='rt-col-md-3 rt-col-sm-6 rt-col-xs-12'><div class='single-logo rt-equal-height' data-title='Logo 5'><div class='single-logo-container'><img data-opt-id=2010306016  data-opt-src=\"https:\/\/mljajri9q6rl.i.optimole.com\/cb:wTR3.9d\/w:auto\/h:auto\/q:mauto\/ig:avif\/https:\/\/nbquality.eu\/wp-content\/uploads\/2018\/12\/client-logo-5.png\"  decoding=\"async\" width=\"120\" height=\"30\" src=\"data:image/svg+xml,%3Csvg%20viewBox%3D%220%200%20100%%20100%%22%20width%3D%22100%%22%20height%3D%22100%%22%20xmlns%3D%22http%3A%2F%2Fwww.w3.org%2F2000%2Fsvg%22%3E%3Crect%20width%3D%22100%%22%20height%3D%22100%%22%20fill%3D%22transparent%22%2F%3E%3C%2Fsvg%3E\" class=\"wls-logo\" alt=\"\" title=\"Logo 5\" \/><\/div><\/div><\/div><div class='rt-col-md-3 rt-col-sm-6 rt-col-xs-12'><div class='single-logo rt-equal-height' data-title='Logo 4'><div class='single-logo-container'><img data-opt-id=1224444576  data-opt-src=\"https:\/\/mljajri9q6rl.i.optimole.com\/cb:wTR3.9d\/w:auto\/h:auto\/q:mauto\/ig:avif\/https:\/\/nbquality.eu\/wp-content\/uploads\/2018\/12\/client-logo-4.png\"  decoding=\"async\" width=\"120\" height=\"40\" src=\"data:image/svg+xml,%3Csvg%20viewBox%3D%220%200%20100%%20100%%22%20width%3D%22100%%22%20height%3D%22100%%22%20xmlns%3D%22http%3A%2F%2Fwww.w3.org%2F2000%2Fsvg%22%3E%3Crect%20width%3D%22100%%22%20height%3D%22100%%22%20fill%3D%22transparent%22%2F%3E%3C%2Fsvg%3E\" class=\"wls-logo\" alt=\"\" title=\"Logo 4\" \/><\/div><\/div><\/div><div class='rt-col-md-3 rt-col-sm-6 rt-col-xs-12'><div class='single-logo rt-equal-height' data-title='Logo 3'><div class='single-logo-container'><img data-opt-id=476917256  data-opt-src=\"https:\/\/mljajri9q6rl.i.optimole.com\/cb:wTR3.9d\/w:auto\/h:auto\/q:mauto\/ig:avif\/https:\/\/nbquality.eu\/wp-content\/uploads\/2018\/12\/client-logo-3.png\"  decoding=\"async\" width=\"130\" height=\"27\" src=\"data:image/svg+xml,%3Csvg%20viewBox%3D%220%200%20100%%20100%%22%20width%3D%22100%%22%20height%3D%22100%%22%20xmlns%3D%22http%3A%2F%2Fwww.w3.org%2F2000%2Fsvg%22%3E%3Crect%20width%3D%22100%%22%20height%3D%22100%%22%20fill%3D%22transparent%22%2F%3E%3C%2Fsvg%3E\" class=\"wls-logo\" alt=\"\" title=\"Logo 3\" \/><\/div><\/div><\/div><div class='rt-col-md-3 rt-col-sm-6 rt-col-xs-12'><div class='single-logo rt-equal-height' data-title='Logo 2'><div class='single-logo-container'><img data-opt-id=647718398  data-opt-src=\"https:\/\/mljajri9q6rl.i.optimole.com\/cb:wTR3.9d\/w:auto\/h:auto\/q:mauto\/ig:avif\/https:\/\/nbquality.eu\/wp-content\/uploads\/2018\/12\/client-logo-2.png\"  decoding=\"async\" width=\"108\" height=\"42\" src=\"data:image/svg+xml,%3Csvg%20viewBox%3D%220%200%20100%%20100%%22%20width%3D%22100%%22%20height%3D%22100%%22%20xmlns%3D%22http%3A%2F%2Fwww.w3.org%2F2000%2Fsvg%22%3E%3Crect%20width%3D%22100%%22%20height%3D%22100%%22%20fill%3D%22transparent%22%2F%3E%3C%2Fsvg%3E\" class=\"wls-logo\" alt=\"\" title=\"Logo 2\" \/><\/div><\/div><\/div><div class='rt-col-md-3 rt-col-sm-6 rt-col-xs-12'><div class='single-logo rt-equal-height' data-title='Logo 1'><div class='single-logo-container'><img data-opt-id=310570664  data-opt-src=\"https:\/\/mljajri9q6rl.i.optimole.com\/cb:wTR3.9d\/w:auto\/h:auto\/q:mauto\/ig:avif\/https:\/\/nbquality.eu\/wp-content\/uploads\/2018\/12\/client-logo-1.png\"  decoding=\"async\" width=\"111\" height=\"26\" src=\"data:image/svg+xml,%3Csvg%20viewBox%3D%220%200%20100%%20100%%22%20width%3D%22100%%22%20height%3D%22100%%22%20xmlns%3D%22http%3A%2F%2Fwww.w3.org%2F2000%2Fsvg%22%3E%3Crect%20width%3D%22100%%22%20height%3D%22100%%22%20fill%3D%22transparent%22%2F%3E%3C%2Fsvg%3E\" class=\"wls-logo\" alt=\"\" title=\"Logo 1\" \/><\/div><\/div><\/div><\/div><\/div>[\/vc_column_text][\/vc_column_inner][\/vc_row_inner][\/vc_column][\/vc_row]<\/p>\n<\/div>","protected":false},"excerpt":{"rendered":"<p>[vc_row el_class=&#8221;common-slider&#8221;][vc_column][rev_slider_vc alias=&#8221;home-est&#8221;][\/vc_column][\/vc_row][vc_row el_class=&#8221;page-content&#8221;][vc_column][vc_column_text el_class=&#8221;common-title&#8221;] Meid\u00e4n YRITYKSEST\u00c4 NB Quality Group O\u00dc on perustettu vuonna 2009 Urmo Aavan ja Silver K\u00fcttin toimesta. Yrityksen perustamisen tarkoituksena oli tarjota Skandinavian ja It\u00e4-Euroopan alueen ammattilaisille innovatiivista ja laadukasta huoltokemikaalien tuotelinjaa. T\u00e4t\u00e4 varten kartoitettiin markkinatutkimuksien avulla autoilun, teollisuuden ja maatalouden alat. Jokaisen alan asiantuntijoilta saadun palautteen avulla NB Quality Group &hellip; <\/p>\n<p class=\"link-more\"><a href=\"https:\/\/nbquality.eu\/fi\/wlshowcase\/logo-1\/\" class=\"more-link\">Jatka lukemista<span class=\"screen-reader-text\"> &#8220;Logo 1&#8221;<\/span><\/a><\/p>\n","protected":false},"author":2,"featured_media":0,"parent":178,"menu_order":0,"comment_status":"closed","ping_status":"closed","template":"","meta":{"_acf_changed":false,"_monsterinsights_skip_tracking":false,"_monsterinsights_sitenote_active":false,"_monsterinsights_sitenote_note":"","_monsterinsights_sitenote_category":0,"footnotes":""},"class_list":["post-911","page","type-page","status-publish","hentry"],"acf":[],"_links":{"self":[{"href":"https:\/\/nbquality.eu\/fi\/wp-json\/wp\/v2\/pages\/911","targetHints":{"allow":["GET"]}}],"collection":[{"href":"https:\/\/nbquality.eu\/fi\/wp-json\/wp\/v2\/pages"}],"about":[{"href":"https:\/\/nbquality.eu\/fi\/wp-json\/wp\/v2\/types\/page"}],"author":[{"embeddable":true,"href":"https:\/\/nbquality.eu\/fi\/wp-json\/wp\/v2\/users\/2"}],"replies":[{"embeddable":true,"href":"https:\/\/nbquality.eu\/fi\/wp-json\/wp\/v2\/comments?post=911"}],"version-history":[{"count":28,"href":"https:\/\/nbquality.eu\/fi\/wp-json\/wp\/v2\/pages\/911\/revisions"}],"predecessor-version":[{"id":6279,"href":"https:\/\/nbquality.eu\/fi\/wp-json\/wp\/v2\/pages\/911\/revisions\/6279"}],"up":[{"embeddable":true,"href":"https:\/\/nbquality.eu\/fi\/wp-json\/wp\/v2\/pages\/178"}],"wp:attachment":[{"href":"https:\/\/nbquality.eu\/fi\/wp-json\/wp\/v2\/media?parent=911"}],"curies":[{"name":"wp","href":"https:\/\/api.w.org\/{rel}","templated":true}]}}